{"id":3352,"date":"2023-10-24T13:46:29","date_gmt":"2023-10-24T13:46:29","guid":{"rendered":"https:\/\/learningconnected.com\/?post_type=product&#038;p=3352"},"modified":"2023-10-24T13:54:57","modified_gmt":"2023-10-24T13:54:57","slug":"online-client-of-patientgesprekken-voorbereiden-en-uitvoeren","status":"publish","type":"product","link":"https:\/\/learningconnected.com\/en\/product\/online-client-of-patientgesprekken-voorbereiden-en-uitvoeren\/","title":{"rendered":"Prepare and conduct online client or patient interviews"},"content":{"rendered":"<section class=\"vc_row wpb_row vc_row-fluid liquid-row-shadowbox-69e8d24c253b7\"><div class=\"ld-container container\"><div class=\"row ld-row\"><div class=\"wpb_column vc_column_container vc_col-sm-12 liquid-column-69e8d24c25521\"><div class=\"vc_column-inner\"><div class=\"wpb_wrapper\"   ><div class=\"wpb_wrapper-inner\">\n\t<div class=\"wpb_text_column wpb_content_element\" >\n\t\t<div class=\"wpb_wrapper\">\n\t\t\t<p class=\"cvGsUA direction-ltr align-start para-style-body\"><strong><span class=\"OYPEnA text-decoration-none text-strikethrough-none\">Online cli\u00ebnt- of pati\u00ebntgesprekken <\/span><\/strong><strong><span class=\"OYPEnA text-decoration-none text-strikethrough-none\">voorbereiden en uitvoeren<\/span><\/strong><\/p>\n<p class=\"cvGsUA direction-ltr align-justify para-style-body\"><span class=\"OYPEnA text-decoration-none text-strikethrough-none\">Steeds meer gesprekken tussen zorgverleners en pati\u00ebnten vinden live online plaats via video en audio. Dit vereist andere vaardigheden. Naast de technische vaardigheden zijn de soft skills online zeker anders dan face-to-face gesprekken.<\/span><\/p>\n<p class=\"cvGsUA direction-ltr align-justify para-style-body\"><span class=\"OYPEnA text-decoration-none text-strikethrough-none\">Online worden we geconfronteerd met andere vragen. Hoe structureer je een gesprek? Wat doe je als de pati\u00ebnt of cli\u00ebnt emotioneel wordt aan de andere kant van het scherm? Hoe ga je om met een dominante partner? Hoe be\u00ebindig je het gesprek?<\/span><\/p>\n<p class=\"cvGsUA direction-ltr align-justify para-style-body\"><span class=\"OYPEnA text-decoration-none text-strikethrough-none\">In deze training leren deelnemers hoe ze een interactieve en effectieve online sessie met een pati\u00ebnt of cli\u00ebnt kunnen opzetten, voorbereiden en uitvoeren. Ze oefenen met online gespreksvoering en hoe om te gaan met moeilijke situaties.<\/span><\/p>\n<p class=\"cvGsUA direction-ltr align-justify para-style-body\"><strong><span class=\"OYPEnA text-decoration-none text-strikethrough-none\">Onderwerpen die aan bod komen:<\/span><\/strong><\/p>\n<ul>\n<li class=\"cvGsUA direction-ltr align-start para-style-body\"><span class=\"OYPEnA text-decoration-none text-strikethrough-none\">Verschillen tussen offline en <\/span><span class=\"OYPEnA text-decoration-none text-strikethrough-none\">online gesprekken<\/span><\/li>\n<li class=\"cvGsUA direction-ltr align-start para-style-body\"><span class=\"OYPEnA text-decoration-none text-strikethrough-none\">Technische opties in de online <\/span><span class=\"OYPEnA text-decoration-none text-strikethrough-none\">sessieruimte<\/span><\/li>\n<li class=\"cvGsUA direction-ltr align-start para-style-body\"><span class=\"OYPEnA text-decoration-none text-strikethrough-none\">Hoe presenteer je jezelf online?<\/span><\/li>\n<li class=\"cvGsUA direction-ltr align-start para-style-body\"><span class=\"OYPEnA text-decoration-none text-strikethrough-none\">Structuur van een online <\/span><span class=\"OYPEnA text-decoration-none text-strikethrough-none\">pati\u00ebnt-\/cli\u00ebntgesprek<\/span><\/li>\n<li class=\"cvGsUA direction-ltr align-start para-style-body\"><span class=\"OYPEnA text-decoration-none text-strikethrough-none\">Een veilig klimaat cre\u00ebren<\/span><\/li>\n<li class=\"cvGsUA direction-ltr align-start para-style-body\"><span class=\"OYPEnA text-decoration-none text-strikethrough-none\">Interactie in een live online sessie<\/span><\/li>\n<li class=\"cvGsUA direction-ltr align-start para-style-body\"><span class=\"OYPEnA text-decoration-none text-strikethrough-none\">Hoe ga je om met moeilijke <\/span><span class=\"OYPEnA text-decoration-none text-strikethrough-none\">situaties?<\/span><\/li>\n<\/ul>\n<p><span class=\"OYPEnA text-decoration-none text-strikethrough-none\">Maak deze training extra leerzaam door te oefenen met een <\/span><span class=\"OYPEnA text-decoration-none text-strikethrough-none\">training actor<\/span><span class=\"OYPEnA text-decoration-none text-strikethrough-none\">.<\/span><\/p>\n\n\t\t<\/div>\n\t<\/div>\n<\/div><\/div><\/div><\/div><\/div><\/div><\/section><section class=\"vc_row wpb_row vc_row-fluid liquid-row-shadowbox-69e8d24c2571c\"><div class=\"ld-container container\"><div class=\"row ld-row\"><div class=\"wpb_column vc_column_container vc_col-sm-12 liquid-column-69e8d24c257f8\"><div class=\"vc_column-inner\"><div class=\"wpb_wrapper\"   ><div class=\"wpb_wrapper-inner\">\n\t<div class=\"wpb_raw_code wpb_content_element wpb_raw_html\" >\n\t\t<div class=\"wpb_wrapper\">\n\t\t\t<style>\np {\nopacity: 100 !important;\n}\n<\/style>\n\t\t<\/div>\n\t<\/div>\n<\/div><\/div><\/div><\/div><\/div><\/div><\/section>","protected":false},"excerpt":{"rendered":"[vc_row][vc_column width=\"1\/3\"][ld_icon_box i_type=\"animated\" animation=\"yes\" heading_size=\"sm\" i_size=\"lg\" i_icon_animated=\"animated-basic_lightbulb\" title=\"Voor wie?\" i_color=\"rgb(253, 147, 28)\"]<span data-sheets-value=\"{&quot;1&quot;:2,&quot;2&quot;:&quot;Iedereen die de basisvaardigheden van een online communicatietool wil leren. Dit kan bijvoorbeeld Zoom, Adobe Connect, Webex of Microsoft Teams zijn, maar ook ieder ander virtueel klaslokaal!&quot;}\" data-sheets-userformat=\"{&quot;2&quot;:15359,&quot;3&quot;:{&quot;1&quot;:0},&quot;4&quot;:{&quot;1&quot;:2,&quot;2&quot;:14609142},&quot;5&quot;:{&quot;1&quot;:[{&quot;1&quot;:2,&quot;2&quot;:0,&quot;5&quot;:{&quot;1&quot;:2,&quot;2&quot;:0}},{&quot;1&quot;:0,&quot;2&quot;:0,&quot;3&quot;:3},{&quot;1&quot;:1,&quot;2&quot;:0,&quot;4&quot;:1}]},&quot;6&quot;:{&quot;1&quot;:[{&quot;1&quot;:2,&quot;2&quot;:0,&quot;5&quot;:{&quot;1&quot;:2,&quot;2&quot;:0}},{&quot;1&quot;:0,&quot;2&quot;:0,&quot;3&quot;:3},{&quot;1&quot;:1,&quot;2&quot;:0,&quot;4&quot;:1}]},&quot;7&quot;:{&quot;1&quot;:[{&quot;1&quot;:2,&quot;2&quot;:0,&quot;5&quot;:{&quot;1&quot;:2,&quot;2&quot;:0}},{&quot;1&quot;:0,&quot;2&quot;:0,&quot;3&quot;:3},{&quot;1&quot;:1,&quot;2&quot;:0,&quot;4&quot;:1}]},&quot;8&quot;:{&quot;1&quot;:[{&quot;1&quot;:2,&quot;2&quot;:0,&quot;5&quot;:{&quot;1&quot;:2,&quot;2&quot;:0}},{&quot;1&quot;:0,&quot;2&quot;:0,&quot;3&quot;:3},{&quot;1&quot;:1,&quot;2&quot;:0,&quot;4&quot;:1}]},&quot;9&quot;:0,&quot;10&quot;:0,&quot;11&quot;:4,&quot;12&quot;:0,&quot;14&quot;:{&quot;1&quot;:3,&quot;3&quot;:1},&quot;15&quot;:&quot;Calibri&quot;,&quot;16&quot;:11}\">Iedereen die wil leren o<\/span><span class=\"OYPEnA text-decoration-none text-strikethrough-none\">nline cli\u00ebnt- of pati\u00ebntgesprekken <\/span><span class=\"OYPEnA text-decoration-none text-strikethrough-none\">voorbereiden en uitvoeren<\/span><span data-sheets-value=\"{&quot;1&quot;:2,&quot;2&quot;:&quot;Iedereen die de basisvaardigheden van een online communicatietool wil leren. Dit kan bijvoorbeeld Zoom, Adobe Connect, Webex of Microsoft Teams zijn, maar ook ieder ander virtueel klaslokaal!&quot;}\" data-sheets-userformat=\"{&quot;2&quot;:15359,&quot;3&quot;:{&quot;1&quot;:0},&quot;4&quot;:{&quot;1&quot;:2,&quot;2&quot;:14609142},&quot;5&quot;:{&quot;1&quot;:[{&quot;1&quot;:2,&quot;2&quot;:0,&quot;5&quot;:{&quot;1&quot;:2,&quot;2&quot;:0}},{&quot;1&quot;:0,&quot;2&quot;:0,&quot;3&quot;:3},{&quot;1&quot;:1,&quot;2&quot;:0,&quot;4&quot;:1}]},&quot;6&quot;:{&quot;1&quot;:[{&quot;1&quot;:2,&quot;2&quot;:0,&quot;5&quot;:{&quot;1&quot;:2,&quot;2&quot;:0}},{&quot;1&quot;:0,&quot;2&quot;:0,&quot;3&quot;:3},{&quot;1&quot;:1,&quot;2&quot;:0,&quot;4&quot;:1}]},&quot;7&quot;:{&quot;1&quot;:[{&quot;1&quot;:2,&quot;2&quot;:0,&quot;5&quot;:{&quot;1&quot;:2,&quot;2&quot;:0}},{&quot;1&quot;:0,&quot;2&quot;:0,&quot;3&quot;:3},{&quot;1&quot;:1,&quot;2&quot;:0,&quot;4&quot;:1}]},&quot;8&quot;:{&quot;1&quot;:[{&quot;1&quot;:2,&quot;2&quot;:0,&quot;5&quot;:{&quot;1&quot;:2,&quot;2&quot;:0}},{&quot;1&quot;:0,&quot;2&quot;:0,&quot;3&quot;:3},{&quot;1&quot;:1,&quot;2&quot;:0,&quot;4&quot;:1}]},&quot;9&quot;:0,&quot;10&quot;:0,&quot;11&quot;:4,&quot;12&quot;:0,&quot;14&quot;:{&quot;1&quot;:3,&quot;3&quot;:1},&quot;15&quot;:&quot;Calibri&quot;,&quot;16&quot;:11}\">.<\/span>[\/ld_icon_box][\/vc_column][vc_column width=\"1\/3\"][ld_icon_box i_type=\"animated\" animation=\"yes\" heading_size=\"sm\" i_size=\"lg\" i_icon_animated=\"animated-basic_headset\" title=\"Live online sessies\" i_color=\"rgb(253, 147, 28)\"]Deze workshop bestaat uit 1 live online sessie van 2 uur.[\/ld_icon_box][\/vc_column][vc_column width=\"1\/3\"][ld_icon_box i_type=\"animated\" animation=\"yes\" heading_size=\"sm\" i_size=\"lg\" i_icon_animated=\"animated-ecommerce_sales\" title=\"Prijs\" i_color=\"rgb(253, 147, 28)\"]De prijs van deze workshop is <span data-sheets-value=\"{&quot;1&quot;:3,&quot;3&quot;:375}\" data-sheets-userformat=\"{&quot;2&quot;:10751,&quot;3&quot;:{&quot;1&quot;:2,&quot;2&quot;:&quot;_ &quot;\u20ac&quot; * #,##0.00_ ;_ &quot;\u20ac&quot; * -#,##0.00_ ;_ &quot;\u20ac&quot; * &quot;-&quot;??_ ;_ @_ &quot;,&quot;3&quot;:1},&quot;4&quot;:{&quot;1&quot;:2,&quot;2&quot;:14609142},&quot;5&quot;:{&quot;1&quot;:[{&quot;1&quot;:2,&quot;2&quot;:0,&quot;5&quot;:{&quot;1&quot;:2,&quot;2&quot;:0}},{&quot;1&quot;:0,&quot;2&quot;:0,&quot;3&quot;:3},{&quot;1&quot;:1,&quot;2&quot;:0,&quot;4&quot;:1}]},&quot;6&quot;:{&quot;1&quot;:[{&quot;1&quot;:2,&quot;2&quot;:0,&quot;5&quot;:{&quot;1&quot;:2,&quot;2&quot;:0}},{&quot;1&quot;:0,&quot;2&quot;:0,&quot;3&quot;:3},{&quot;1&quot;:1,&quot;2&quot;:0,&quot;4&quot;:1}]},&quot;7&quot;:{&quot;1&quot;:[{&quot;1&quot;:2,&quot;2&quot;:0,&quot;5&quot;:{&quot;1&quot;:2,&quot;2&quot;:0}},{&quot;1&quot;:0,&quot;2&quot;:0,&quot;3&quot;:3},{&quot;1&quot;:1,&quot;2&quot;:0,&quot;4&quot;:1}]},&quot;8&quot;:{&quot;1&quot;:[{&quot;1&quot;:2,&quot;2&quot;:0,&quot;5&quot;:{&quot;1&quot;:2,&quot;2&quot;:0}},{&quot;1&quot;:0,&quot;2&quot;:0,&quot;3&quot;:3},{&quot;1&quot;:1,&quot;2&quot;:0,&quot;4&quot;:1}]},&quot;9&quot;:0,&quot;10&quot;:0,&quot;11&quot;:4,&quot;14&quot;:{&quot;1&quot;:3,&quot;3&quot;:1},&quot;16&quot;:9}\">\u00a0\u20ac1500,- excl. BTW voor een groep van maximaal 15 personen.<\/span>[\/ld_icon_box][\/vc_column][\/vc_row]\n<p>[vc_row content_placement=\"middle\" css=\".vc_custom_1610363457818{background-color: #f6f6f7 !important;}\"][vc_column width=\"1\/5\"][\/vc_column][vc_column width=\"3\/5\" align=\"text-center\"][ld_spacer][ld_icon_box i_type=\"linea\" heading_size=\"custom\" i_size=\"lg\" i_icon_linea=\"icon-arrows_question\" title=\"Heb je interesse?\" custom_heading_size=\"37px\"]Neem contact met ons op via een van de onderstaande opties. We helpen je graag![\/ld_icon_box][\/vc_column][vc_column width=\"1\/5\"][\/vc_column][\/vc_row][vc_row content_placement=\"middle\" css=\".vc_custom_1620487351107{background-color: #f6f6f7 !important;}\"][vc_column width=\"1\/3\" align=\"text-center\" css=\".vc_custom_1620487381228{margin-bottom: 10px !important;}\"][ld_button style=\"btn-default\" title=\"020 244 15 62\" transformation=\"text-uppercase\" size=\"btn-custom\" i_type=\"linea\" i_position=\"left\" enable_row_shadowbox=\"yes\" i_add_icon=\"true\" i_icon_linea=\"icon-ion-ios-call\" link=\"url:tel%3A0202441562|||\" button_box_shadow=\"%5B%7B%7D%5D\" hover_button_box_shadow=\"%5B%7B%7D%5D\" custom_size=\"200px\" custom_height=\"70px\" css=\".vc_custom_1620487397325{margin-bottom: 10px !important;}\"][\/vc_column][vc_column width=\"1\/3\" align=\"text-center\" css=\".vc_custom_1620491035825{margin-bottom: 10px !important;}\"][ld_button style=\"btn-default\" title=\"Mail ons\" transformation=\"text-uppercase\" size=\"btn-custom\" i_type=\"linea\" i_position=\"left\" i_add_icon=\"true\" i_icon_linea=\"icon-basic_elaboration_mail_check\" link=\"url:mailto%3Ainfo%40learningconnected.nl|||\" custom_size=\"200px\" custom_height=\"70px\"][\/vc_column][vc_column width=\"1\/3\" align=\"text-center\" css=\".vc_custom_1620487381228{margin-bottom: 10px !important;}\"][ld_button style=\"btn-default\" title=\"Chat met ons\" transformation=\"text-uppercase\" size=\"btn-custom\" i_type=\"linea\" i_position=\"left\" i_add_icon=\"true\" i_icon_linea=\"icon-et-chat\" link=\"url:https%3A%2F%2Fwww.tidio.com%2Ftalk%2Fqcurdxczu3ym3ucw3wncv15maoa4xitd|||\" custom_size=\"200px\" custom_height=\"70px\" css=\".vc_custom_1620487414195{margin-bottom: 10px !important;}\"][\/vc_column][\/vc_row][vc_row content_placement=\"middle\" css=\".vc_custom_1610363457818{background-color: #f6f6f7 !important;}\"][vc_column align=\"text-center\"][ld_spacer][\/vc_column][\/vc_row][vc_row][vc_column][vc_column_text][\/vc_column_text][\/vc_column][\/vc_row][vc_row][vc_column][ld_spacer][vc_separator color=\"custom\" el_width=\"100\" accent_color=\"#f5bd87\"][\/vc_column][\/vc_row]<\/p>\n","protected":false},"featured_media":3353,"comment_status":"open","ping_status":"closed","template":"","meta":[],"product_brand":[],"product_cat":[31],"product_tag":[43],"class_list":{"0":"post-3352","1":"product","2":"type-product","3":"status-publish","4":"has-post-thumbnail","6":"product_cat-training","7":"product_tag-digitale-zorg","9":"first","10":"instock","11":"sold-individually","12":"taxable","13":"shipping-taxable","14":"product-type-grouped"},"yoast_head":"<!-- This site is optimized with the Yoast SEO plugin v27.4 - https:\/\/yoast.com\/product\/yoast-seo-wordpress\/ -->\n<title>Online communiceren met Microsoft Teams | Leer de basisvaardigheden<\/title>\n<meta name=\"description\" content=\"Heb jij ook steeds vaker te maken met videobellen en online communiceren met Microsoft Teams? Leer de basisvaardigheden in deze workshop.\" \/>\n<meta name=\"robots\" content=\"index, follow, max-snippet:-1, max-image-preview:large, max-video-preview:-1\" \/>\n<link rel=\"canonical\" href=\"https:\/\/learningconnected.com\/en\/product\/online-client-of-patientgesprekken-voorbereiden-en-uitvoeren\/\" \/>\n<meta property=\"og:locale\" content=\"en_US\" \/>\n<meta property=\"og:type\" content=\"article\" \/>\n<meta property=\"og:title\" content=\"Online communiceren met Microsoft Teams | Leer de basisvaardigheden\" \/>\n<meta property=\"og:description\" content=\"Heb jij ook steeds vaker te maken met videobellen en online communiceren met Microsoft Teams? Leer de basisvaardigheden in deze workshop.\" \/>\n<meta property=\"og:url\" content=\"https:\/\/learningconnected.com\/en\/product\/online-client-of-patientgesprekken-voorbereiden-en-uitvoeren\/\" \/>\n<meta property=\"og:site_name\" content=\"Learning Connected\" \/>\n<meta property=\"article:modified_time\" content=\"2023-10-24T13:54:57+00:00\" \/>\n<meta property=\"og:image\" content=\"https:\/\/learningconnected.com\/wp-content\/uploads\/2023\/10\/Trainingscatalogus-Learning-Connected-Nederlands-15-e1698155595358.png\" \/>\n\t<meta property=\"og:image:width\" content=\"1413\" \/>\n\t<meta property=\"og:image:height\" content=\"836\" \/>\n\t<meta property=\"og:image:type\" content=\"image\/png\" \/>\n<meta name=\"twitter:card\" content=\"summary_large_image\" \/>\n<meta name=\"twitter:label1\" content=\"Est. reading time\" \/>\n\t<meta name=\"twitter:data1\" content=\"1 minute\" \/>\n<script type=\"application\/ld+json\" class=\"yoast-schema-graph\">{\"@context\":\"https:\\\/\\\/schema.org\",\"@graph\":[{\"@type\":\"WebPage\",\"@id\":\"https:\\\/\\\/learningconnected.com\\\/product\\\/online-client-of-patientgesprekken-voorbereiden-en-uitvoeren\\\/\",\"url\":\"https:\\\/\\\/learningconnected.com\\\/product\\\/online-client-of-patientgesprekken-voorbereiden-en-uitvoeren\\\/\",\"name\":\"Online communiceren met Microsoft Teams | Leer de basisvaardigheden\",\"isPartOf\":{\"@id\":\"https:\\\/\\\/learningconnected.com\\\/#website\"},\"primaryImageOfPage\":{\"@id\":\"https:\\\/\\\/learningconnected.com\\\/product\\\/online-client-of-patientgesprekken-voorbereiden-en-uitvoeren\\\/#primaryimage\"},\"image\":{\"@id\":\"https:\\\/\\\/learningconnected.com\\\/product\\\/online-client-of-patientgesprekken-voorbereiden-en-uitvoeren\\\/#primaryimage\"},\"thumbnailUrl\":\"https:\\\/\\\/learningconnected.com\\\/wp-content\\\/uploads\\\/2023\\\/10\\\/Trainingscatalogus-Learning-Connected-Nederlands-15-e1698155595358.png\",\"datePublished\":\"2023-10-24T13:46:29+00:00\",\"dateModified\":\"2023-10-24T13:54:57+00:00\",\"description\":\"Heb jij ook steeds vaker te maken met videobellen en online communiceren met Microsoft Teams? Leer de basisvaardigheden in deze workshop.\",\"breadcrumb\":{\"@id\":\"https:\\\/\\\/learningconnected.com\\\/product\\\/online-client-of-patientgesprekken-voorbereiden-en-uitvoeren\\\/#breadcrumb\"},\"inLanguage\":\"en-US\",\"potentialAction\":[{\"@type\":\"ReadAction\",\"target\":[\"https:\\\/\\\/learningconnected.com\\\/product\\\/online-client-of-patientgesprekken-voorbereiden-en-uitvoeren\\\/\"]}]},{\"@type\":\"ImageObject\",\"inLanguage\":\"en-US\",\"@id\":\"https:\\\/\\\/learningconnected.com\\\/product\\\/online-client-of-patientgesprekken-voorbereiden-en-uitvoeren\\\/#primaryimage\",\"url\":\"https:\\\/\\\/learningconnected.com\\\/wp-content\\\/uploads\\\/2023\\\/10\\\/Trainingscatalogus-Learning-Connected-Nederlands-15-e1698155595358.png\",\"contentUrl\":\"https:\\\/\\\/learningconnected.com\\\/wp-content\\\/uploads\\\/2023\\\/10\\\/Trainingscatalogus-Learning-Connected-Nederlands-15-e1698155595358.png\",\"width\":1413,\"height\":836},{\"@type\":\"BreadcrumbList\",\"@id\":\"https:\\\/\\\/learningconnected.com\\\/product\\\/online-client-of-patientgesprekken-voorbereiden-en-uitvoeren\\\/#breadcrumb\",\"itemListElement\":[{\"@type\":\"ListItem\",\"position\":1,\"name\":\"Home\",\"item\":\"https:\\\/\\\/learningconnected.com\\\/\"},{\"@type\":\"ListItem\",\"position\":2,\"name\":\"Cursusaanbod\",\"item\":\"https:\\\/\\\/learningconnected.com\\\/cursusaanbod\\\/\"},{\"@type\":\"ListItem\",\"position\":3,\"name\":\"Online cli\u00ebnt- of pati\u00ebntgesprekken voorbereiden en uitvoeren\"}]},{\"@type\":\"WebSite\",\"@id\":\"https:\\\/\\\/learningconnected.com\\\/#website\",\"url\":\"https:\\\/\\\/learningconnected.com\\\/\",\"name\":\"Learning Connected\",\"description\":\"Wij helpen jou om effectief live online te communiceren\",\"potentialAction\":[{\"@type\":\"SearchAction\",\"target\":{\"@type\":\"EntryPoint\",\"urlTemplate\":\"https:\\\/\\\/learningconnected.com\\\/?s={search_term_string}\"},\"query-input\":{\"@type\":\"PropertyValueSpecification\",\"valueRequired\":true,\"valueName\":\"search_term_string\"}}],\"inLanguage\":\"en-US\"}]}<\/script>\n<!-- \/ Yoast SEO plugin. -->","yoast_head_json":{"title":"Communicating online with Microsoft Teams | Learn the basics","description":"Are you also increasingly experiencing video calling and online communication with Microsoft Teams? Learn the basic skills in this workshop.","robots":{"index":"index","follow":"follow","max-snippet":"max-snippet:-1","max-image-preview":"max-image-preview:large","max-video-preview":"max-video-preview:-1"},"canonical":"https:\/\/learningconnected.com\/en\/product\/online-client-of-patientgesprekken-voorbereiden-en-uitvoeren\/","og_locale":"en_US","og_type":"article","og_title":"Online communiceren met Microsoft Teams | Leer de basisvaardigheden","og_description":"Heb jij ook steeds vaker te maken met videobellen en online communiceren met Microsoft Teams? Leer de basisvaardigheden in deze workshop.","og_url":"https:\/\/learningconnected.com\/en\/product\/online-client-of-patientgesprekken-voorbereiden-en-uitvoeren\/","og_site_name":"Learning Connected","article_modified_time":"2023-10-24T13:54:57+00:00","og_image":[{"width":1413,"height":836,"url":"https:\/\/learningconnected.com\/wp-content\/uploads\/2023\/10\/Trainingscatalogus-Learning-Connected-Nederlands-15-e1698155595358.png","type":"image\/png"}],"twitter_card":"summary_large_image","twitter_misc":{"Est. reading time":"1 minute"},"schema":{"@context":"https:\/\/schema.org","@graph":[{"@type":"WebPage","@id":"https:\/\/learningconnected.com\/product\/online-client-of-patientgesprekken-voorbereiden-en-uitvoeren\/","url":"https:\/\/learningconnected.com\/product\/online-client-of-patientgesprekken-voorbereiden-en-uitvoeren\/","name":"Communicating online with Microsoft Teams | Learn the basics","isPartOf":{"@id":"https:\/\/learningconnected.com\/#website"},"primaryImageOfPage":{"@id":"https:\/\/learningconnected.com\/product\/online-client-of-patientgesprekken-voorbereiden-en-uitvoeren\/#primaryimage"},"image":{"@id":"https:\/\/learningconnected.com\/product\/online-client-of-patientgesprekken-voorbereiden-en-uitvoeren\/#primaryimage"},"thumbnailUrl":"https:\/\/learningconnected.com\/wp-content\/uploads\/2023\/10\/Trainingscatalogus-Learning-Connected-Nederlands-15-e1698155595358.png","datePublished":"2023-10-24T13:46:29+00:00","dateModified":"2023-10-24T13:54:57+00:00","description":"Are you also increasingly experiencing video calling and online communication with Microsoft Teams? Learn the basic skills in this workshop.","breadcrumb":{"@id":"https:\/\/learningconnected.com\/product\/online-client-of-patientgesprekken-voorbereiden-en-uitvoeren\/#breadcrumb"},"inLanguage":"en-US","potentialAction":[{"@type":"ReadAction","target":["https:\/\/learningconnected.com\/product\/online-client-of-patientgesprekken-voorbereiden-en-uitvoeren\/"]}]},{"@type":"ImageObject","inLanguage":"en-US","@id":"https:\/\/learningconnected.com\/product\/online-client-of-patientgesprekken-voorbereiden-en-uitvoeren\/#primaryimage","url":"https:\/\/learningconnected.com\/wp-content\/uploads\/2023\/10\/Trainingscatalogus-Learning-Connected-Nederlands-15-e1698155595358.png","contentUrl":"https:\/\/learningconnected.com\/wp-content\/uploads\/2023\/10\/Trainingscatalogus-Learning-Connected-Nederlands-15-e1698155595358.png","width":1413,"height":836},{"@type":"BreadcrumbList","@id":"https:\/\/learningconnected.com\/product\/online-client-of-patientgesprekken-voorbereiden-en-uitvoeren\/#breadcrumb","itemListElement":[{"@type":"ListItem","position":1,"name":"Home","item":"https:\/\/learningconnected.com\/"},{"@type":"ListItem","position":2,"name":"Cursusaanbod","item":"https:\/\/learningconnected.com\/cursusaanbod\/"},{"@type":"ListItem","position":3,"name":"Online cli\u00ebnt- of pati\u00ebntgesprekken voorbereiden en uitvoeren"}]},{"@type":"WebSite","@id":"https:\/\/learningconnected.com\/#website","url":"https:\/\/learningconnected.com\/","name":"Learning Connected","description":"We help you communicate effectively live online","potentialAction":[{"@type":"SearchAction","target":{"@type":"EntryPoint","urlTemplate":"https:\/\/learningconnected.com\/?s={search_term_string}"},"query-input":{"@type":"PropertyValueSpecification","valueRequired":true,"valueName":"search_term_string"}}],"inLanguage":"en-US"}]}},"_links":{"self":[{"href":"https:\/\/learningconnected.com\/en\/wp-json\/wp\/v2\/product\/3352","targetHints":{"allow":["GET"]}}],"collection":[{"href":"https:\/\/learningconnected.com\/en\/wp-json\/wp\/v2\/product"}],"about":[{"href":"https:\/\/learningconnected.com\/en\/wp-json\/wp\/v2\/types\/product"}],"replies":[{"embeddable":true,"href":"https:\/\/learningconnected.com\/en\/wp-json\/wp\/v2\/comments?post=3352"}],"wp:featuredmedia":[{"embeddable":true,"href":"https:\/\/learningconnected.com\/en\/wp-json\/wp\/v2\/media\/3353"}],"wp:attachment":[{"href":"https:\/\/learningconnected.com\/en\/wp-json\/wp\/v2\/media?parent=3352"}],"wp:term":[{"taxonomy":"product_brand","embeddable":true,"href":"https:\/\/learningconnected.com\/en\/wp-json\/wp\/v2\/product_brand?post=3352"},{"taxonomy":"product_cat","embeddable":true,"href":"https:\/\/learningconnected.com\/en\/wp-json\/wp\/v2\/product_cat?post=3352"},{"taxonomy":"product_tag","embeddable":true,"href":"https:\/\/learningconnected.com\/en\/wp-json\/wp\/v2\/product_tag?post=3352"}],"curies":[{"name":"wp","href":"https:\/\/api.w.org\/{rel}","templated":true}]}}