{"id":102,"date":"2021-03-18T15:37:36","date_gmt":"2021-03-18T15:37:36","guid":{"rendered":"https:\/\/learningconnected.com\/?post_type=product&#038;p=102"},"modified":"2023-05-16T15:15:32","modified_gmt":"2023-05-16T15:15:32","slug":"basistraining-live-online-groepsbehandeling","status":"publish","type":"product","link":"https:\/\/learningconnected.com\/en\/product\/basistraining-live-online-groepsbehandeling\/","title":{"rendered":"Basic training live online group therapy"},"content":{"rendered":"<section class=\"vc_row wpb_row vc_row-fluid liquid-row-shadowbox-6a037354f00cc\"><div class=\"ld-container container\"><div class=\"row ld-row\"><\/div><\/div><\/section><div class=\"wpb_column vc_column_container vc_col-sm-12 liquid-column-6a037354f023a\"><div class=\"vc_column-inner\"><div class=\"wpb_wrapper \"   ><div class=\"wpb_wrapper-inner\"><\/div><\/div><\/div><\/div>\n\t<div class=\"wpb_text_column wpb_content_element \" >\n\t\t<div class=\"wpb_wrapper\">\n\t\t\t\n\t\t<\/div>\n\t<\/div>\n<h4><span data-sheets-value=\"{&quot;1&quot;:2,&quot;2&quot;:&quot;Basistraining live online lesgeven&quot;}\" data-sheets-userformat=\"{&quot;2&quot;:31681,&quot;3&quot;:{&quot;1&quot;:0},&quot;9&quot;:0,&quot;10&quot;:0,&quot;11&quot;:4,&quot;12&quot;:0,&quot;14&quot;:{&quot;1&quot;:2,&quot;2&quot;:16750848},&quot;15&quot;:&quot;Calibri&quot;,&quot;16&quot;:11,&quot;17&quot;:1}\">Basistraining live online groepsbehandeling<\/span><\/h4>\n<p>Wil je meer halen uit een<strong> live online groepsbehandeling<\/strong> met cli\u00ebnten of pati\u00ebnten? Volg dan deze basistraining! In deze training leer je om een online behandelsessie met meerdere cli\u00ebnten of pati\u00ebnten voor te bereiden en uit te voeren. Tijdens de training staan interactie, activerend werkvormen en groepsdynamiek centraal. Je leert hoe je hulpmiddelen op de juiste manieren kunt inzetten binnen een online groep en hiermee jouw cli\u00ebnten en pati\u00ebnten actief kunt betrekken en bereiken in een online behandelsessie.<\/p>\n<h4>Leerdoelen<\/h4>\n<p>Na deze training ben je in staat om:<\/p>\n<ul>\n<li>Uit te leggen wat live online leren is en de belangrijkste principes hiervan te benoemen en toe te passen<\/li>\n<li>De belangrijkste technische en interactieve communicatiemogelijkheden van een live online sessieruimte aan te wijzen en te bedienen<\/li>\n<li>Structuur, interactie en activerende werkvormen toe te passen in een live online behandelsessie<\/li>\n<li>Zelfstandig een live online behandelsessie voor te bereiden, in te plannen en uit te voeren<\/li>\n<\/ul>\n<p><span data-sheets-value=\"{&quot;1&quot;:2,&quot;2&quot;:&quot;Deze cursus bestaat uit\u00a03\u00a0live online sessies van 2 uur&quot;}\" data-sheets-userformat=\"{&quot;2&quot;:47615,&quot;3&quot;:{&quot;1&quot;:0,&quot;3&quot;:1},&quot;4&quot;:{&quot;1&quot;:2,&quot;2&quot;:14872537},&quot;5&quot;:{&quot;1&quot;:[{&quot;1&quot;:2,&quot;2&quot;:0,&quot;5&quot;:{&quot;1&quot;:2,&quot;2&quot;:0}},{&quot;1&quot;:0,&quot;2&quot;:0,&quot;3&quot;:3},{&quot;1&quot;:1,&quot;2&quot;:0,&quot;4&quot;:1}]},&quot;6&quot;:{&quot;1&quot;:[{&quot;1&quot;:2,&quot;2&quot;:0,&quot;5&quot;:{&quot;1&quot;:2,&quot;2&quot;:0}},{&quot;1&quot;:0,&quot;2&quot;:0,&quot;3&quot;:3},{&quot;1&quot;:1,&quot;2&quot;:0,&quot;4&quot;:1}]},&quot;7&quot;:{&quot;1&quot;:[{&quot;1&quot;:2,&quot;2&quot;:0,&quot;5&quot;:{&quot;1&quot;:2,&quot;2&quot;:0}},{&quot;1&quot;:0,&quot;2&quot;:0,&quot;3&quot;:3},{&quot;1&quot;:1,&quot;2&quot;:0,&quot;4&quot;:1}]},&quot;8&quot;:{&quot;1&quot;:[{&quot;1&quot;:2,&quot;2&quot;:0,&quot;5&quot;:{&quot;1&quot;:2,&quot;2&quot;:0}},{&quot;1&quot;:0,&quot;2&quot;:0,&quot;3&quot;:3},{&quot;1&quot;:1,&quot;2&quot;:0,&quot;4&quot;:1}]},&quot;9&quot;:0,&quot;10&quot;:0,&quot;11&quot;:4,&quot;14&quot;:{&quot;1&quot;:3,&quot;3&quot;:1},&quot;15&quot;:&quot;Calibri&quot;,&quot;16&quot;:9,&quot;18&quot;:1}\">Deze cursus bestaat uit 3 live online sessies van 2 uur en na afloop van de training ontvangen de deelnemers een bewijs van deelname.<\/span><\/p>\n<h4>LOL-academy<\/h4>\n<p>De live online sessies volg je via de LOL-academy. Dit het opleidingsplatform van Learning Connected, waar we al onze kennis over live online communiceren hebben gebundeld. Wanneer je een training of workshop bij ons volgt, krijg je in de LOL-academy als deelnemer toegang tot:<\/p>\n<ul>\n<li>De Live Online Leren (LOL) Community: d\u00e9 plek om samen met andere cursisten en experts casu\u00efstiek te delen en vragen te stellen. Ook delen wij hierin zelf handige tips, leuke updates en filmpjes!<\/li>\n<li>Alle handleidingen &amp; instructies over live online communiceren<\/li>\n<li>Informatie over de training of workshop en opdrachten waar je zelf mee aan de slag kunt<\/li>\n<li>Een agenda met aankomende sessies, zodat je snel en makkelijk kunt deelnemen.<\/li>\n<li>Contactgegevens van jouw LOL-collega\u2019s via de Wall of Fame; zo kan je contact zoeken met iemand in jouw specialisme- of vakgebied om idee\u00ebn en tips uit te wisselen.<\/li>\n<\/ul>\n\n\t<div class=\"wpb_raw_code wpb_content_element wpb_raw_html\" >\n\t\t<div class=\"wpb_wrapper\">\n\t\t\t<style>\np {\nopacity: 100 !important;\n}\n<\/style>\n\t\t<\/div>\n\t<\/div>\n\n","protected":false},"excerpt":{"rendered":"[vc_row][vc_column align=\"text-center\"][ld_button style=\"btn-solid\" title=\"Inschrijven\" transformation=\"text-uppercase\" link_type=\"local_scroll\" i_type=\"linea\" i_add_icon=\"true\" anchor_id=\"#inschrijvenscroll\" i_icon_linea=\"icon-md-arrow-round-up\"][ld_spacer height=\"64px\"][\/vc_column][\/vc_row]\n[vc_row][vc_column width=\"1\/3\"][ld_icon_box i_type=\"animated\" animation=\"yes\" heading_size=\"sm\" i_size=\"lg\" i_icon_animated=\"animated-basic_lightbulb\" title=\"Voor wie?\" i_color=\"rgb(253, 147, 28)\"]Psychologen, therapeuten en behandelaren die hun cli\u00ebnten de mogelijkheid willen bieden om op een veilige, verantwoorde wijze online behandeling te volgen met echt live contact. [\/ld_icon_box][\/vc_column][vc_column width=\"1\/3\"][ld_icon_box i_type=\"animated\" animation=\"yes\" heading_size=\"sm\" i_size=\"lg\" i_icon_animated=\"animated-basic_headset\" title=\"Live online sessies\" i_color=\"rgb(253, 147, 28)\"]Deze training bestaat uit 3 live online sessies van 2 uur[\/ld_icon_box][\/vc_column][vc_column width=\"1\/3\"][ld_icon_box i_type=\"animated\" animation=\"yes\" heading_size=\"sm\" i_size=\"lg\" i_icon_animated=\"animated-ecommerce_sales\" title=\"Prijs\" i_color=\"rgb(253, 147, 28)\"]<span data-sheets-value=\"{&quot;1&quot;:3,&quot;3&quot;:375}\" data-sheets-userformat=\"{&quot;2&quot;:10751,&quot;3&quot;:{&quot;1&quot;:2,&quot;2&quot;:&quot;_ &quot;\u20ac&quot; * #,##0.00_ ;_ &quot;\u20ac&quot; * -#,##0.00_ ;_ &quot;\u20ac&quot; * &quot;-&quot;??_ ;_ @_ &quot;,&quot;3&quot;:1},&quot;4&quot;:{&quot;1&quot;:2,&quot;2&quot;:14609142},&quot;5&quot;:{&quot;1&quot;:[{&quot;1&quot;:2,&quot;2&quot;:0,&quot;5&quot;:{&quot;1&quot;:2,&quot;2&quot;:0}},{&quot;1&quot;:0,&quot;2&quot;:0,&quot;3&quot;:3},{&quot;1&quot;:1,&quot;2&quot;:0,&quot;4&quot;:1}]},&quot;6&quot;:{&quot;1&quot;:[{&quot;1&quot;:2,&quot;2&quot;:0,&quot;5&quot;:{&quot;1&quot;:2,&quot;2&quot;:0}},{&quot;1&quot;:0,&quot;2&quot;:0,&quot;3&quot;:3},{&quot;1&quot;:1,&quot;2&quot;:0,&quot;4&quot;:1}]},&quot;7&quot;:{&quot;1&quot;:[{&quot;1&quot;:2,&quot;2&quot;:0,&quot;5&quot;:{&quot;1&quot;:2,&quot;2&quot;:0}},{&quot;1&quot;:0,&quot;2&quot;:0,&quot;3&quot;:3},{&quot;1&quot;:1,&quot;2&quot;:0,&quot;4&quot;:1}]},&quot;8&quot;:{&quot;1&quot;:[{&quot;1&quot;:2,&quot;2&quot;:0,&quot;5&quot;:{&quot;1&quot;:2,&quot;2&quot;:0}},{&quot;1&quot;:0,&quot;2&quot;:0,&quot;3&quot;:3},{&quot;1&quot;:1,&quot;2&quot;:0,&quot;4&quot;:1}]},&quot;9&quot;:0,&quot;10&quot;:0,&quot;11&quot;:4,&quot;14&quot;:{&quot;1&quot;:3,&quot;3&quot;:1},&quot;16&quot;:9}\"> De prijs van deze training is \u20ac375,- excl. BTW<\/span>[\/ld_icon_box][\/vc_column][\/vc_row]\n<p>[vc_row content_placement=\"middle\" css=\".vc_custom_1610363457818{background-color: #f6f6f7 !important;}\"][vc_column width=\"1\/5\"][\/vc_column][vc_column width=\"3\/5\" align=\"text-center\"][ld_spacer][ld_icon_box i_type=\"linea\" heading_size=\"custom\" i_size=\"lg\" i_icon_linea=\"icon-arrows_question\" title=\"Heb je vragen?\" custom_heading_size=\"37px\"]Neem contact met ons op via een van de onderstaande opties. We helpen je graag![\/ld_icon_box][\/vc_column][vc_column width=\"1\/5\"][\/vc_column][\/vc_row][vc_row content_placement=\"middle\" css=\".vc_custom_1620487351107{background-color: #f6f6f7 !important;}\"][vc_column width=\"1\/3\" align=\"text-center\" css=\".vc_custom_1620487381228{margin-bottom: 10px !important;}\"][ld_button style=\"btn-default\" title=\"020 244 15 62\" transformation=\"text-uppercase\" size=\"btn-custom\" i_type=\"linea\" i_position=\"left\" enable_row_shadowbox=\"yes\" i_add_icon=\"true\" i_icon_linea=\"icon-ion-ios-call\" link=\"url:tel%3A0202441562|||\" button_box_shadow=\"%5B%7B%7D%5D\" hover_button_bfox_shadow=\"%5B%7B%7D%5D\" custom_size=\"200px\" custom_height=\"70px\" css=\".vc_custom_1620487397325{margin-bottom: 10px !important;}\"][\/vc_column][vc_column width=\"1\/3\" align=\"text-center\" css=\".vc_custom_1620487381228{margin-bottom: 10px !important;}\"][ld_button style=\"btn-default\" title=\"Mail ons\" transformation=\"text-uppercase\" size=\"btn-custom\" i_type=\"linea\" i_position=\"left\" i_add_icon=\"true\" i_icon_linea=\"icon-basic_elaboration_mail_check\" link=\"url:mailto%3Ainfo%40learningconnected.nl|||\" custom_size=\"200px\" custom_height=\"70px\"][\/vc_column][vc_column width=\"1\/3\" align=\"text-center\" css=\".vc_custom_1620487381228{margin-bottom: 10px !important;}\"][ld_button style=\"btn-default\" title=\"Chat met ons\" transformation=\"text-uppercase\" size=\"btn-custom\" i_type=\"linea\" i_position=\"left\" i_add_icon=\"true\" i_icon_linea=\"icon-et-chat\" link=\"url:https%3A%2F%2Fwww.tidio.com%2Ftalk%2Fqcurdxczu3ym3ucw3wncv15maoa4xitd|||\" custom_size=\"200px\" custom_height=\"70px\" css=\".vc_custom_1620487414195{margin-bottom: 10px !important;}\"][\/vc_column][\/vc_row][vc_row content_placement=\"middle\" css=\".vc_custom_1610363457818{background-color: #f6f6f7 !important;}\"][vc_column align=\"text-center\"][ld_spacer][\/vc_column][\/vc_row][vc_row][vc_column][vc_column_text][\/vc_column_text][\/vc_column][\/vc_row][vc_row][vc_column][ld_spacer][vc_separator color=\"custom\" el_width=\"100\" accent_color=\"#f5bd87\"][\/vc_column][\/vc_row]<\/p>\n","protected":false},"featured_media":179,"comment_status":"open","ping_status":"closed","template":"","meta":[],"product_brand":[],"product_cat":[31],"product_tag":[43],"class_list":{"0":"post-102","1":"product","2":"type-product","3":"status-publish","4":"has-post-thumbnail","6":"product_cat-training","7":"product_tag-digitale-zorg","9":"first","10":"instock","11":"sold-individually","12":"taxable","13":"shipping-taxable","14":"purchasable","15":"product-type-variable"},"yoast_head":"<!-- This site is optimized with the Yoast SEO plugin v27.6 - https:\/\/yoast.com\/product\/yoast-seo-wordpress\/ -->\n<title>Online groepsbehandeling - Via Cisco Webex, Zoom, Microsoft Teams, ect.<\/title>\n<meta name=\"description\" content=\"In deze training leer je om een online groepsbehandeling met meerdere cli\u00ebnten of pati\u00ebnten voor te bereiden en uit te voeren.\" \/>\n<meta name=\"robots\" content=\"index, follow, max-snippet:-1, max-image-preview:large, max-video-preview:-1\" \/>\n<link rel=\"canonical\" href=\"https:\/\/learningconnected.com\/en\/product\/basistraining-live-online-groepsbehandeling\/\" \/>\n<meta property=\"og:locale\" content=\"en_US\" \/>\n<meta property=\"og:type\" content=\"article\" \/>\n<meta property=\"og:title\" content=\"Online groepsbehandeling - Via Cisco Webex, Zoom, Microsoft Teams, ect.\" \/>\n<meta property=\"og:description\" content=\"In deze training leer je om een online groepsbehandeling met meerdere cli\u00ebnten of pati\u00ebnten voor te bereiden en uit te voeren.\" \/>\n<meta property=\"og:url\" content=\"https:\/\/learningconnected.com\/en\/product\/basistraining-live-online-groepsbehandeling\/\" \/>\n<meta property=\"og:site_name\" content=\"Learning Connected\" \/>\n<meta property=\"article:modified_time\" content=\"2023-05-16T15:15:32+00:00\" \/>\n<meta property=\"og:image\" content=\"https:\/\/learningconnected.com\/wp-content\/uploads\/2021\/03\/Kopie-van-Zonder-titel-2-1024x536-1-1-1.jpg\" \/>\n\t<meta property=\"og:image:width\" content=\"1024\" \/>\n\t<meta property=\"og:image:height\" content=\"536\" \/>\n\t<meta property=\"og:image:type\" content=\"image\/jpeg\" \/>\n<meta name=\"twitter:card\" content=\"summary_large_image\" \/>\n<meta name=\"twitter:label1\" content=\"Est. reading time\" \/>\n\t<meta name=\"twitter:data1\" content=\"2 minutes\" \/>\n<script type=\"application\/ld+json\" class=\"yoast-schema-graph\">{\"@context\":\"https:\\\/\\\/schema.org\",\"@graph\":[{\"@type\":\"WebPage\",\"@id\":\"https:\\\/\\\/learningconnected.com\\\/product\\\/basistraining-live-online-groepsbehandeling\\\/\",\"url\":\"https:\\\/\\\/learningconnected.com\\\/product\\\/basistraining-live-online-groepsbehandeling\\\/\",\"name\":\"Online groepsbehandeling - Via Cisco Webex, Zoom, Microsoft Teams, ect.\",\"isPartOf\":{\"@id\":\"https:\\\/\\\/learningconnected.com\\\/#website\"},\"primaryImageOfPage\":{\"@id\":\"https:\\\/\\\/learningconnected.com\\\/product\\\/basistraining-live-online-groepsbehandeling\\\/#primaryimage\"},\"image\":{\"@id\":\"https:\\\/\\\/learningconnected.com\\\/product\\\/basistraining-live-online-groepsbehandeling\\\/#primaryimage\"},\"thumbnailUrl\":\"https:\\\/\\\/learningconnected.com\\\/wp-content\\\/uploads\\\/2021\\\/03\\\/Kopie-van-Zonder-titel-2-1024x536-1-1-1.jpg\",\"datePublished\":\"2021-03-18T15:37:36+00:00\",\"dateModified\":\"2023-05-16T15:15:32+00:00\",\"description\":\"In deze training leer je om een online groepsbehandeling met meerdere cli\u00ebnten of pati\u00ebnten voor te bereiden en uit te voeren.\",\"breadcrumb\":{\"@id\":\"https:\\\/\\\/learningconnected.com\\\/product\\\/basistraining-live-online-groepsbehandeling\\\/#breadcrumb\"},\"inLanguage\":\"en-US\",\"potentialAction\":[{\"@type\":\"ReadAction\",\"target\":[\"https:\\\/\\\/learningconnected.com\\\/product\\\/basistraining-live-online-groepsbehandeling\\\/\"]}]},{\"@type\":\"ImageObject\",\"inLanguage\":\"en-US\",\"@id\":\"https:\\\/\\\/learningconnected.com\\\/product\\\/basistraining-live-online-groepsbehandeling\\\/#primaryimage\",\"url\":\"https:\\\/\\\/learningconnected.com\\\/wp-content\\\/uploads\\\/2021\\\/03\\\/Kopie-van-Zonder-titel-2-1024x536-1-1-1.jpg\",\"contentUrl\":\"https:\\\/\\\/learningconnected.com\\\/wp-content\\\/uploads\\\/2021\\\/03\\\/Kopie-van-Zonder-titel-2-1024x536-1-1-1.jpg\",\"width\":1024,\"height\":536,\"caption\":\"online groepsbehandeling\"},{\"@type\":\"BreadcrumbList\",\"@id\":\"https:\\\/\\\/learningconnected.com\\\/product\\\/basistraining-live-online-groepsbehandeling\\\/#breadcrumb\",\"itemListElement\":[{\"@type\":\"ListItem\",\"position\":1,\"name\":\"Home\",\"item\":\"https:\\\/\\\/learningconnected.com\\\/\"},{\"@type\":\"ListItem\",\"position\":2,\"name\":\"Cursusaanbod\",\"item\":\"https:\\\/\\\/learningconnected.com\\\/cursusaanbod\\\/\"},{\"@type\":\"ListItem\",\"position\":3,\"name\":\"Basistraining live online groepsbehandeling\"}]},{\"@type\":\"WebSite\",\"@id\":\"https:\\\/\\\/learningconnected.com\\\/#website\",\"url\":\"https:\\\/\\\/learningconnected.com\\\/\",\"name\":\"Learning Connected\",\"description\":\"Wij helpen jou om effectief live online te communiceren\",\"potentialAction\":[{\"@type\":\"SearchAction\",\"target\":{\"@type\":\"EntryPoint\",\"urlTemplate\":\"https:\\\/\\\/learningconnected.com\\\/?s={search_term_string}\"},\"query-input\":{\"@type\":\"PropertyValueSpecification\",\"valueRequired\":true,\"valueName\":\"search_term_string\"}}],\"inLanguage\":\"en-US\"}]}<\/script>\n<!-- \/ Yoast SEO plugin. -->","yoast_head_json":{"title":"Online group treatment - Via Cisco Webex, Zoom, Microsoft Teams, ect.","description":"In this training you will learn to prepare and conduct an online group treatment with multiple clients or patients.","robots":{"index":"index","follow":"follow","max-snippet":"max-snippet:-1","max-image-preview":"max-image-preview:large","max-video-preview":"max-video-preview:-1"},"canonical":"https:\/\/learningconnected.com\/en\/product\/basistraining-live-online-groepsbehandeling\/","og_locale":"en_US","og_type":"article","og_title":"Online groepsbehandeling - Via Cisco Webex, Zoom, Microsoft Teams, ect.","og_description":"In deze training leer je om een online groepsbehandeling met meerdere cli\u00ebnten of pati\u00ebnten voor te bereiden en uit te voeren.","og_url":"https:\/\/learningconnected.com\/en\/product\/basistraining-live-online-groepsbehandeling\/","og_site_name":"Learning Connected","article_modified_time":"2023-05-16T15:15:32+00:00","og_image":[{"width":1024,"height":536,"url":"https:\/\/learningconnected.com\/wp-content\/uploads\/2021\/03\/Kopie-van-Zonder-titel-2-1024x536-1-1-1.jpg","type":"image\/jpeg"}],"twitter_card":"summary_large_image","twitter_misc":{"Est. reading time":"2 minutes"},"schema":{"@context":"https:\/\/schema.org","@graph":[{"@type":"WebPage","@id":"https:\/\/learningconnected.com\/product\/basistraining-live-online-groepsbehandeling\/","url":"https:\/\/learningconnected.com\/product\/basistraining-live-online-groepsbehandeling\/","name":"Online group treatment - Via Cisco Webex, Zoom, Microsoft Teams, ect.","isPartOf":{"@id":"https:\/\/learningconnected.com\/#website"},"primaryImageOfPage":{"@id":"https:\/\/learningconnected.com\/product\/basistraining-live-online-groepsbehandeling\/#primaryimage"},"image":{"@id":"https:\/\/learningconnected.com\/product\/basistraining-live-online-groepsbehandeling\/#primaryimage"},"thumbnailUrl":"https:\/\/learningconnected.com\/wp-content\/uploads\/2021\/03\/Kopie-van-Zonder-titel-2-1024x536-1-1-1.jpg","datePublished":"2021-03-18T15:37:36+00:00","dateModified":"2023-05-16T15:15:32+00:00","description":"In this training you will learn to prepare and conduct an online group treatment with multiple clients or patients.","breadcrumb":{"@id":"https:\/\/learningconnected.com\/product\/basistraining-live-online-groepsbehandeling\/#breadcrumb"},"inLanguage":"en-US","potentialAction":[{"@type":"ReadAction","target":["https:\/\/learningconnected.com\/product\/basistraining-live-online-groepsbehandeling\/"]}]},{"@type":"ImageObject","inLanguage":"en-US","@id":"https:\/\/learningconnected.com\/product\/basistraining-live-online-groepsbehandeling\/#primaryimage","url":"https:\/\/learningconnected.com\/wp-content\/uploads\/2021\/03\/Kopie-van-Zonder-titel-2-1024x536-1-1-1.jpg","contentUrl":"https:\/\/learningconnected.com\/wp-content\/uploads\/2021\/03\/Kopie-van-Zonder-titel-2-1024x536-1-1-1.jpg","width":1024,"height":536,"caption":"online groepsbehandeling"},{"@type":"BreadcrumbList","@id":"https:\/\/learningconnected.com\/product\/basistraining-live-online-groepsbehandeling\/#breadcrumb","itemListElement":[{"@type":"ListItem","position":1,"name":"Home","item":"https:\/\/learningconnected.com\/"},{"@type":"ListItem","position":2,"name":"Cursusaanbod","item":"https:\/\/learningconnected.com\/cursusaanbod\/"},{"@type":"ListItem","position":3,"name":"Basistraining live online groepsbehandeling"}]},{"@type":"WebSite","@id":"https:\/\/learningconnected.com\/#website","url":"https:\/\/learningconnected.com\/","name":"Learning Connected","description":"We help you communicate effectively live online","potentialAction":[{"@type":"SearchAction","target":{"@type":"EntryPoint","urlTemplate":"https:\/\/learningconnected.com\/?s={search_term_string}"},"query-input":{"@type":"PropertyValueSpecification","valueRequired":true,"valueName":"search_term_string"}}],"inLanguage":"en-US"}]}},"_links":{"self":[{"href":"https:\/\/learningconnected.com\/en\/wp-json\/wp\/v2\/product\/102","targetHints":{"allow":["GET"]}}],"collection":[{"href":"https:\/\/learningconnected.com\/en\/wp-json\/wp\/v2\/product"}],"about":[{"href":"https:\/\/learningconnected.com\/en\/wp-json\/wp\/v2\/types\/product"}],"replies":[{"embeddable":true,"href":"https:\/\/learningconnected.com\/en\/wp-json\/wp\/v2\/comments?post=102"}],"wp:featuredmedia":[{"embeddable":true,"href":"https:\/\/learningconnected.com\/en\/wp-json\/wp\/v2\/media\/179"}],"wp:attachment":[{"href":"https:\/\/learningconnected.com\/en\/wp-json\/wp\/v2\/media?parent=102"}],"wp:term":[{"taxonomy":"product_brand","embeddable":true,"href":"https:\/\/learningconnected.com\/en\/wp-json\/wp\/v2\/product_brand?post=102"},{"taxonomy":"product_cat","embeddable":true,"href":"https:\/\/learningconnected.com\/en\/wp-json\/wp\/v2\/product_cat?post=102"},{"taxonomy":"product_tag","embeddable":true,"href":"https:\/\/learningconnected.com\/en\/wp-json\/wp\/v2\/product_tag?post=102"}],"curies":[{"name":"wp","href":"https:\/\/api.w.org\/{rel}","templated":true}]}}