{"id":535,"date":"2021-04-06T11:57:27","date_gmt":"2021-04-06T11:57:27","guid":{"rendered":"https:\/\/learningconnected.com\/?page_id=535"},"modified":"2021-08-26T09:54:16","modified_gmt":"2021-08-26T09:54:16","slug":"online-onderwijs-roc-mondriaan","status":"publish","type":"page","link":"https:\/\/learningconnected.com\/de\/online-onderwijs-roc-mondriaan\/","title":{"rendered":"Online-Ausbildung ROC Mondriaan"},"content":{"rendered":"<section class=\"vc_row wpb_row vc_row-fluid liquid-row-shadowbox-69f9ec686fab8\"><div class=\"ld-container container\"><div class=\"row ld-row\"><div class=\"wpb_column vc_column_container vc_col-sm-12 liquid-column-69f9ec686fc74\"><div class=\"vc_column-inner\"><div class=\"wpb_wrapper \"   ><div class=\"wpb_wrapper-inner\"><style>.ld_spacer_69f9ec686fce8{height:32px;}<\/style>\r\n<div class=\"ld-empty-space ld_spacer_69f9ec686fce8\"><span class=\"liquid_empty_space_inner\"><\/span><\/div><\/div><\/div><\/div><\/div><\/div><\/div><\/section><section class=\"vc_row wpb_row vc_row-fluid liquid-row-shadowbox-69f9ec686fe62\"><div class=\"ld-container container\"><div class=\"row ld-row\"><div class=\"wpb_column vc_column_container vc_col-sm-12 liquid-column-69f9ec686ff5b\"><div class=\"vc_column-inner\"><div class=\"wpb_wrapper \"   ><div class=\"wpb_wrapper-inner\"><style>.ld_spacer_69f9ec686ffa9{height:32px;}<\/style>\r\n<div class=\"ld-empty-space ld_spacer_69f9ec686ffa9\"><span class=\"liquid_empty_space_inner\"><\/span><\/div><\/div><\/div><\/div><\/div><\/div><\/div><\/section><section class=\"vc_row wpb_row vc_row-fluid liquid-row-shadowbox-69f9ec6870090 vc_column-gap-10\"><div class=\"ld-container container\"><div class=\"row ld-row\"><div class=\"wpb_column vc_column_container vc_col-sm-8 liquid-column-69f9ec6870214 vc_col-has-fill\"><div class=\"vc_column-inner\"><div class=\"wpb_wrapper vc_custom_1590583519396\"   ><div class=\"wpb_wrapper-inner\">\n\t<div  class=\"wpb_single_image wpb_content_element vc_align_center  liquid_vc_single_image-69f9ec6893bb5\">\n\t\t\n\t\t<figure class=\"wpb_wrapper vc_figure\">\n\t\t\t<div class=\"vc_single_image-wrapper   vc_box_border_grey\"><img loading=\"lazy\" decoding=\"async\" width=\"275\" height=\"100\" src=\"data:image\/svg+xml;charset=utf-8,&lt;svg xmlns%3D&#039;http%3A%2F%2Fwww.w3.org%2F2000%2Fsvg&#039; viewBox%3D&#039;0 0 275 100&#039;%2F&gt;\" class=\"vc_single_image-img attachment-full ld-lazyload\" alt=\"ROC Mondriaan\" srcset=\"\" sizes=\"auto, (max-width: 275px) 100vw, 275px\" data-src=\"https:\/\/learningconnected.com\/wp-content\/uploads\/2021\/03\/roc-mondriaan-e1574758590976-1-1.jpg\" data-srcset=\"https:\/\/learningconnected.com\/wp-content\/uploads\/2021\/03\/roc-mondriaan-e1574758590976-1-1.jpg 275w, https:\/\/learningconnected.com\/wp-content\/uploads\/2021\/03\/roc-mondriaan-e1574758590976-1-1-18x7.jpg 18w\" data-aspect=\"2.75\" \/><\/div>\n\t\t<\/figure>\n\t<\/div>\n\n\t<div class=\"wpb_text_column wpb_content_element \" >\n\t\t<div class=\"wpb_wrapper\">\n\t\t\t<h3>Live Online Onderwijs bij ROC Mondriaan<\/h3>\n<p><strong>Learning Connected <\/strong><strong>traint en ondersteunt al meer dan 10 jaar docenten die live online lesgeven. <\/strong><strong>We hebben op verschillende scholen van <a href=\"http:\/\/rocmondriaan.nl\">ROC Mondriaan<\/a> ruim 80 docenten opgeleid om online onderwijs aan te bieden. Deze docenten zijn getraind en gecertificeerd in het opzetten en uitvoeren van didactisch verantwoorde, interactieve en gestructureerde lessen.<\/strong><\/p>\n<p>Het organiseren en begeleiden van live online onderwijs vraagt veel van docenten. Het is meer dan beeldbellen en het tonen van een presentatie. Hoe zorg je voor structuur en hoe houd je de studenten betrokken bij de les? Regie, interactie en activerende werkvormen zijn hierbij de belangrijkste ingredi\u00ebnten. Live online onderwijs is een prima alternatief of aanvulling op het klassikaal onderwijs, mits het doordacht wordt ingezet en uitgevoerd.<\/p>\n<h5>Live Online Leren (LOL) methodiek<\/h5>\n<p>We trainden de docenten van het ROC Mondriaan volgens onze Live Online Leren (LOL) methodiek. Deze live online kennis en communicatie vaardigheden zetten de docenten in om:<\/p>\n<ul>\n<li><span style=\"color: #dea023;\">\u00a0<\/span>Delen van de klassikale lessen live online aan te bieden in plaats van op school. Zo is het ook voor BBL-leerlingen haalbaarder om alle lessen te volgen in combinatie met hun werk;<\/li>\n<li>Verkorte of maatwerk opleidingen aan te bieden aan werkenden die een deel van de opleiding online kunnen volgen en zo werk, school en priv\u00e9 beter kunnen combineren.<\/li>\n<li>Leerlingen die stage lopen op afstand beter en regelmatiger te begeleiden;<\/li>\n<li>Live online bijles te geven aan leerlingen die extra ondersteuning nodig hebben, o.a. op het gebied van Nederlands, Engels en rekenen;<\/li>\n<li>Keuzedelen locatie overstijgend aan te bieden waardoor relatief kleine keuzedelen alsnog doorgang kunnen vinden.<\/li>\n<\/ul>\n<p>Deze LOL docenten van ROC Mondriaan werkten al \u2018corona-proof\u2019 voordat het coronavirus bestond. Dit maakte de noodzakelijk vertaling van het lesprogramma naar live online lessen een stuk eenvoudiger.<\/p>\n<p>Door de docenten de benodigde communicatie skills aan te leren heeft ROC Mondriaan zeker een stap voor op de concurrentie in een toekomst waarin live online onderwijs niet langer een trend zal zijn maar een serieus alternatief of aanvulling op het regulier onderwijs.<\/p>\n<p>Meer weten over dit project of de live online trainingen die wij aanbieden? <span style=\"text-decoration: underline;\"><a href=\"https:\/\/learningconnected.com\/#contact\">Neem contact met ons op!<\/a> <\/span>We denken met u mee en bespreken graag de mogelijkheden.<\/p>\n\n\t\t<\/div>\n\t<\/div>\n<\/div><\/div><\/div><\/div><div class=\"wpb_column vc_column_container vc_col-sm-4 liquid-column-69f9ec6894046 vc_col-has-fill\"><div class=\"vc_column-inner\"><div class=\"wpb_wrapper vc_custom_1574692560040\"   ><div class=\"wpb_wrapper-inner\"><style>.ld_fancy_heading_69f9ec68943a6 .lqd-highlight-inner{height:0.275em;bottom:0px;}<\/style><div class=\"ld-fancy-heading ld_fancy_heading_69f9ec68943a6\">\r\n\t<h4 class=\"lqd-highlight-underline lqd-highlight-grow-left\" ><span class=\"ld-fh-txt\"> Ge\u00efnteresseerd? Stuur ons direct een berichtje!<\/span><\/h4><\/div><style id=\"wpforms-css-vars-1507\">\n\t\t\t\t#wpforms-1507 {\n\t\t\t\t\n\t\t\t}\n\t\t\t<\/style><div class=\"wpforms-container wpforms-container-full wpforms-render-modern\" id=\"wpforms-1507\"><form id=\"wpforms-form-1507\" class=\"wpforms-validate wpforms-form\" data-formid=\"1507\" method=\"post\" enctype=\"multipart\/form-data\" action=\"\/de\/wp-json\/wp\/v2\/pages\/535\" data-token=\"caa5f9e6936de993a5693f4b06219793\" data-token-time=\"1777986664\"><noscript class=\"wpforms-error-noscript\">Bitte aktivieren Sie JavaScript in Ihrem Browser, um dieses Formular fertigzustellen.<\/noscript><div id=\"wpforms-error-noscript\" style=\"display: none;\">Bitte aktivieren Sie JavaScript in Ihrem Browser, um dieses Formular fertigzustellen.<\/div><div class=\"wpforms-field-container\"><div id=\"wpforms-1507-field_1-container\" class=\"wpforms-field wpforms-field-name\" data-field-id=\"1\"><label class=\"wpforms-field-label\" for=\"wpforms-1507-field_1\">Naam <span class=\"wpforms-required-label\" aria-hidden=\"true\">*<\/span><\/label><input type=\"text\" id=\"wpforms-1507-field_1\" class=\"wpforms-field-large wpforms-field-required\" name=\"wpforms[fields][1]\" aria-errormessage=\"wpforms-1507-field_1-error\" required><\/div><div id=\"wpforms-1507-field_2-container\" class=\"wpforms-field wpforms-field-email\" data-field-id=\"2\"><label class=\"wpforms-field-label\" for=\"wpforms-1507-field_2\">E-mail <span class=\"wpforms-required-label\" aria-hidden=\"true\">*<\/span><\/label><input type=\"email\" id=\"wpforms-1507-field_2\" class=\"wpforms-field-large wpforms-field-required\" name=\"wpforms[fields][2]\" spellcheck=\"false\" aria-errormessage=\"wpforms-1507-field_2-error\" required><\/div><div id=\"wpforms-1507-field_4-container\" class=\"wpforms-field wpforms-field-textarea\" data-field-id=\"4\"><label class=\"wpforms-field-label\" for=\"wpforms-1507-field_4\">Bericht <span class=\"wpforms-required-label\" aria-hidden=\"true\">*<\/span><\/label><textarea id=\"wpforms-1507-field_4\" class=\"wpforms-field-large wpforms-field-required\" name=\"wpforms[fields][4]\" aria-errormessage=\"wpforms-1507-field_4-error\" required><\/textarea><\/div><\/div><!-- .wpforms-field-container --><div class=\"wpforms-recaptcha-container wpforms-is-hcaptcha\" ><div class=\"h-captcha\" data-sitekey=\"a635961a-1788-4f44-8077-fea93ff36626\"><\/div><input type=\"text\" name=\"g-recaptcha-hidden\" class=\"wpforms-recaptcha-hidden\" style=\"position:absolute!important;clip:rect(0,0,0,0)!important;height:1px!important;width:1px!important;border:0!important;overflow:hidden!important;padding:0!important;margin:0!important;\" data-rule-hcaptcha=\"1\"><\/div><div class=\"wpforms-submit-container\" ><input type=\"hidden\" name=\"wpforms[id]\" value=\"1507\"><input type=\"hidden\" name=\"page_title\" value=\"\"><input type=\"hidden\" name=\"page_url\" value=\"https:\/\/learningconnected.com\/de\/wp-json\/wp\/v2\/pages\/535\"><input type=\"hidden\" name=\"url_referer\" value=\"\"><button type=\"submit\" name=\"wpforms[submit]\" id=\"wpforms-submit-1507\" class=\"wpforms-submit\" data-alt-text=\"Verzenden...\" data-submit-text=\"Verstuur\" aria-live=\"assertive\" value=\"wpforms-submit\">Verstuur<\/button><\/div><\/form><\/div>  <!-- .wpforms-container --><style>.ld_spacer_69f9ec68972db{height:28px;}<\/style>\r\n<div class=\"ld-empty-space ld_spacer_69f9ec68972db\"><span class=\"liquid_empty_space_inner\"><\/span><\/div>\n\t<div class=\"wpb_text_column wpb_content_element \" >\n\t\t<div class=\"wpb_wrapper\">\n\t\t\t<p>Of bereik ons op een andere manier: <span style=\"color: blue;\"><a class=\"bar-fill-hover\" href=\"https:\/\/learningconnected.com\/#contact\" target=\"\" rel=\"noopener noreferrer\">Klik hier<\/a><\/span><\/p>\n\n\t\t<\/div>\n\t<\/div>\n<\/div><\/div><\/div><\/div><\/div><\/div><\/section><section class=\"vc_row wpb_row vc_row-fluid liquid-row-shadowbox-69f9ec6897577\"><div class=\"ld-container container\"><div class=\"row ld-row\"><div class=\"wpb_column vc_column_container vc_col-sm-12 liquid-column-69f9ec68976b1\"><div class=\"vc_column-inner\"><div class=\"wpb_wrapper \"   ><div class=\"wpb_wrapper-inner\"><style>.ld_spacer_69f9ec689770a{height:32px;}<\/style>\r\n<div class=\"ld-empty-space ld_spacer_69f9ec689770a\"><span class=\"liquid_empty_space_inner\"><\/span><\/div><\/div><\/div><\/div><\/div><\/div><\/div><\/section>\n","protected":false},"excerpt":{"rendered":"Live-Online-Ausbildung bei ROC Mondriaan Learning Connected schult und unterst\u00fctzt seit mehr als 10 Jahren...","protected":false},"author":1,"featured_media":0,"parent":0,"menu_order":0,"comment_status":"closed","ping_status":"closed","template":"","meta":{"footnotes":""},"class_list":["post-535","page","type-page","status-publish","hentry"],"yoast_head":"<!-- This site is optimized with the Yoast SEO plugin v27.5 - https:\/\/yoast.com\/product\/yoast-seo-wordpress\/ -->\n<title>Online onderwijs ROC Mondriaan - Learning Connected<\/title>\n<meta name=\"description\" content=\"Learning Connected traint en ondersteunt al meer dan 10 jaar docenten in het live online onderwijs. We hebben met ROC Mondriaan ruim 80 docenten opgeleid.\" \/>\n<meta name=\"robots\" content=\"index, follow, max-snippet:-1, max-image-preview:large, max-video-preview:-1\" \/>\n<link rel=\"canonical\" href=\"https:\/\/learningconnected.com\/de\/online-onderwijs-roc-mondriaan\/\" \/>\n<meta property=\"og:locale\" content=\"de_DE\" \/>\n<meta property=\"og:type\" content=\"article\" \/>\n<meta property=\"og:title\" content=\"Online onderwijs ROC Mondriaan - Learning Connected\" \/>\n<meta property=\"og:description\" content=\"Learning Connected traint en ondersteunt al meer dan 10 jaar docenten in het live online onderwijs. We hebben met ROC Mondriaan ruim 80 docenten opgeleid.\" \/>\n<meta property=\"og:url\" content=\"https:\/\/learningconnected.com\/de\/online-onderwijs-roc-mondriaan\/\" \/>\n<meta property=\"og:site_name\" content=\"Learning Connected\" \/>\n<meta property=\"article:modified_time\" content=\"2021-08-26T09:54:16+00:00\" \/>\n<meta name=\"twitter:card\" content=\"summary_large_image\" \/>\n<meta name=\"twitter:label1\" content=\"Gesch\u00e4tzte Lesezeit\" \/>\n\t<meta name=\"twitter:data1\" content=\"2\u00a0Minuten\" \/>\n<script type=\"application\/ld+json\" class=\"yoast-schema-graph\">{\"@context\":\"https:\\\/\\\/schema.org\",\"@graph\":[{\"@type\":\"WebPage\",\"@id\":\"https:\\\/\\\/learningconnected.com\\\/online-onderwijs-roc-mondriaan\\\/\",\"url\":\"https:\\\/\\\/learningconnected.com\\\/online-onderwijs-roc-mondriaan\\\/\",\"name\":\"Online onderwijs ROC Mondriaan - Learning Connected\",\"isPartOf\":{\"@id\":\"https:\\\/\\\/learningconnected.com\\\/#website\"},\"datePublished\":\"2021-04-06T11:57:27+00:00\",\"dateModified\":\"2021-08-26T09:54:16+00:00\",\"description\":\"Learning Connected traint en ondersteunt al meer dan 10 jaar docenten in het live online onderwijs. We hebben met ROC Mondriaan ruim 80 docenten opgeleid.\",\"breadcrumb\":{\"@id\":\"https:\\\/\\\/learningconnected.com\\\/online-onderwijs-roc-mondriaan\\\/#breadcrumb\"},\"inLanguage\":\"de\",\"potentialAction\":[{\"@type\":\"ReadAction\",\"target\":[\"https:\\\/\\\/learningconnected.com\\\/online-onderwijs-roc-mondriaan\\\/\"]}]},{\"@type\":\"BreadcrumbList\",\"@id\":\"https:\\\/\\\/learningconnected.com\\\/online-onderwijs-roc-mondriaan\\\/#breadcrumb\",\"itemListElement\":[{\"@type\":\"ListItem\",\"position\":1,\"name\":\"Home\",\"item\":\"https:\\\/\\\/learningconnected.com\\\/\"},{\"@type\":\"ListItem\",\"position\":2,\"name\":\"Online onderwijs ROC Mondriaan\"}]},{\"@type\":\"WebSite\",\"@id\":\"https:\\\/\\\/learningconnected.com\\\/#website\",\"url\":\"https:\\\/\\\/learningconnected.com\\\/\",\"name\":\"Learning Connected\",\"description\":\"Wij helpen jou om effectief live online te communiceren\",\"potentialAction\":[{\"@type\":\"SearchAction\",\"target\":{\"@type\":\"EntryPoint\",\"urlTemplate\":\"https:\\\/\\\/learningconnected.com\\\/?s={search_term_string}\"},\"query-input\":{\"@type\":\"PropertyValueSpecification\",\"valueRequired\":true,\"valueName\":\"search_term_string\"}}],\"inLanguage\":\"de\"}]}<\/script>\n<!-- \/ Yoast SEO plugin. -->","yoast_head_json":{"title":"Online-Schulungen ROC Mondriaan - Learning Connected","description":"Learning Connected schult und unterst\u00fctzt seit mehr als 10 Jahren Lehrkr\u00e4fte im Live-Online-Unterricht. Wir haben \u00fcber 80 Lehrer mit ROC Mondriaan geschult.","robots":{"index":"index","follow":"follow","max-snippet":"max-snippet:-1","max-image-preview":"max-image-preview:large","max-video-preview":"max-video-preview:-1"},"canonical":"https:\/\/learningconnected.com\/de\/online-onderwijs-roc-mondriaan\/","og_locale":"de_DE","og_type":"article","og_title":"Online onderwijs ROC Mondriaan - Learning Connected","og_description":"Learning Connected traint en ondersteunt al meer dan 10 jaar docenten in het live online onderwijs. We hebben met ROC Mondriaan ruim 80 docenten opgeleid.","og_url":"https:\/\/learningconnected.com\/de\/online-onderwijs-roc-mondriaan\/","og_site_name":"Learning Connected","article_modified_time":"2021-08-26T09:54:16+00:00","twitter_card":"summary_large_image","twitter_misc":{"Gesch\u00e4tzte Lesezeit":"2\u00a0Minuten"},"schema":{"@context":"https:\/\/schema.org","@graph":[{"@type":"WebPage","@id":"https:\/\/learningconnected.com\/online-onderwijs-roc-mondriaan\/","url":"https:\/\/learningconnected.com\/online-onderwijs-roc-mondriaan\/","name":"Online-Schulungen ROC Mondriaan - Learning Connected","isPartOf":{"@id":"https:\/\/learningconnected.com\/#website"},"datePublished":"2021-04-06T11:57:27+00:00","dateModified":"2021-08-26T09:54:16+00:00","description":"Learning Connected schult und unterst\u00fctzt seit mehr als 10 Jahren Lehrkr\u00e4fte im Live-Online-Unterricht. Wir haben \u00fcber 80 Lehrer mit ROC Mondriaan geschult.","breadcrumb":{"@id":"https:\/\/learningconnected.com\/online-onderwijs-roc-mondriaan\/#breadcrumb"},"inLanguage":"de","potentialAction":[{"@type":"ReadAction","target":["https:\/\/learningconnected.com\/online-onderwijs-roc-mondriaan\/"]}]},{"@type":"BreadcrumbList","@id":"https:\/\/learningconnected.com\/online-onderwijs-roc-mondriaan\/#breadcrumb","itemListElement":[{"@type":"ListItem","position":1,"name":"Home","item":"https:\/\/learningconnected.com\/"},{"@type":"ListItem","position":2,"name":"Online onderwijs ROC Mondriaan"}]},{"@type":"WebSite","@id":"https:\/\/learningconnected.com\/#website","url":"https:\/\/learningconnected.com\/","name":"Learning Connected","description":"Wir helfen Ihnen bei der effektiven Live-Online-Kommunikation","potentialAction":[{"@type":"SearchAction","target":{"@type":"EntryPoint","urlTemplate":"https:\/\/learningconnected.com\/?s={search_term_string}"},"query-input":{"@type":"PropertyValueSpecification","valueRequired":true,"valueName":"search_term_string"}}],"inLanguage":"de"}]}},"_links":{"self":[{"href":"https:\/\/learningconnected.com\/de\/wp-json\/wp\/v2\/pages\/535","targetHints":{"allow":["GET"]}}],"collection":[{"href":"https:\/\/learningconnected.com\/de\/wp-json\/wp\/v2\/pages"}],"about":[{"href":"https:\/\/learningconnected.com\/de\/wp-json\/wp\/v2\/types\/page"}],"author":[{"embeddable":true,"href":"https:\/\/learningconnected.com\/de\/wp-json\/wp\/v2\/users\/1"}],"replies":[{"embeddable":true,"href":"https:\/\/learningconnected.com\/de\/wp-json\/wp\/v2\/comments?post=535"}],"version-history":[{"count":2,"href":"https:\/\/learningconnected.com\/de\/wp-json\/wp\/v2\/pages\/535\/revisions"}],"predecessor-version":[{"id":1637,"href":"https:\/\/learningconnected.com\/de\/wp-json\/wp\/v2\/pages\/535\/revisions\/1637"}],"wp:attachment":[{"href":"https:\/\/learningconnected.com\/de\/wp-json\/wp\/v2\/media?parent=535"}],"curies":[{"name":"wp","href":"https:\/\/api.w.org\/{rel}","templated":true}]}}