{"id":512,"date":"2021-04-06T10:17:39","date_gmt":"2021-04-06T10:17:39","guid":{"rendered":"https:\/\/learningconnected.com\/?page_id=512"},"modified":"2023-10-18T10:19:04","modified_gmt":"2023-10-18T10:19:04","slug":"project-study2go","status":"publish","type":"page","link":"https:\/\/learningconnected.com\/de\/project-study2go\/","title":{"rendered":"Study2Go"},"content":{"rendered":"<section class=\"vc_row wpb_row vc_row-fluid liquid-row-shadowbox-69f3e05d15e5c\"><div class=\"ld-container container\"><div class=\"row ld-row\"><div class=\"wpb_column vc_column_container vc_col-sm-12 liquid-column-69f3e05d1600f\"><div class=\"vc_column-inner\"><div class=\"wpb_wrapper\"   ><div class=\"wpb_wrapper-inner\"><style>.ld_spacer_69f3e05d160ae{height:32px;}<\/style>\r\n<div class=\"ld-empty-space ld_spacer_69f3e05d160ae\"><span class=\"liquid_empty_space_inner\"><\/span><\/div><\/div><\/div><\/div><\/div><\/div><\/div><\/section><section class=\"vc_row wpb_row vc_row-fluid liquid-row-shadowbox-69f3e05d161f3\"><div class=\"ld-container container\"><div class=\"row ld-row\"><div class=\"wpb_column vc_column_container vc_col-sm-12 liquid-column-69f3e05d16312\"><div class=\"vc_column-inner\"><div class=\"wpb_wrapper\"   ><div class=\"wpb_wrapper-inner\"><\/div><\/div><\/div><\/div><\/div><\/div><\/section><section class=\"vc_row wpb_row vc_row-fluid liquid-row-shadowbox-69f3e05d16403 vc_column-gap-10\"><div class=\"ld-container container\"><div class=\"row ld-row\"><div class=\"wpb_column vc_column_container vc_col-sm-8 text-xs-center liquid-column-69f3e05d16559 vc_col-has-fill\"><div class=\"vc_column-inner\"><div class=\"wpb_wrapper vc_custom_1594113596800\"   ><div class=\"wpb_wrapper-inner\"><style>.ld_fancy_heading_69f3e05d1677a .lqd-highlight-inner{height:0.275em;bottom:0px;}<\/style><div class=\"ld-fancy-heading ld_fancy_heading_69f3e05d1677a\">\r\n\t<h1 class=\"lqd-highlight-underline lqd-highlight-grow-left\" data-fittext=\"true\" data-fittext-options='{\"compressor\":2,\"maxFontSize\":\"currentFontSize\",\"minFontSize\":\"\"}'><span class=\"ld-fh-txt\"> Study2Go<\/span><\/h1><\/div><style>.ld_spacer_69f3e05d18342{height:32px;}<\/style>\r\n<div class=\"ld-empty-space ld_spacer_69f3e05d18342\"><span class=\"liquid_empty_space_inner\"><\/span><\/div>\n\t<div  class=\"wpb_single_image wpb_content_element vc_align_center  liquid_vc_single_image-69f3e05d386d0\">\n\t\t\n\t\t<figure class=\"wpb_wrapper vc_figure\">\n\t\t\t<div class=\"vc_single_image-wrapper   vc_box_border_grey\"><img loading=\"lazy\" decoding=\"async\" width=\"1350\" height=\"900\" src=\"data:image\/svg+xml;charset=utf-8,&lt;svg xmlns%3D&#039;http%3A%2F%2Fwww.w3.org%2F2000%2Fsvg&#039; viewBox%3D&#039;0 0 1350 900&#039;%2F&gt;\" class=\"vc_single_image-img attachment-full ld-lazyload\" alt=\"study2go\" srcset=\"\" sizes=\"auto, (max-width: 1350px) 100vw, 1350px\" data-src=\"https:\/\/learningconnected.com\/wp-content\/uploads\/2021\/04\/study2go-project-2-1.jpg\" data-srcset=\"https:\/\/learningconnected.com\/wp-content\/uploads\/2021\/04\/study2go-project-2-1.jpg 1350w, https:\/\/learningconnected.com\/wp-content\/uploads\/2021\/04\/study2go-project-2-1-300x200.jpg 300w, https:\/\/learningconnected.com\/wp-content\/uploads\/2021\/04\/study2go-project-2-1-1024x683.jpg 1024w, https:\/\/learningconnected.com\/wp-content\/uploads\/2021\/04\/study2go-project-2-1-768x512.jpg 768w, https:\/\/learningconnected.com\/wp-content\/uploads\/2021\/04\/study2go-project-2-1-18x12.jpg 18w\" data-aspect=\"1.5\" \/><\/div>\n\t\t<\/figure>\n\t<\/div>\n\n\t<div class=\"wpb_text_column wpb_content_element\" >\n\t\t<div class=\"wpb_wrapper\">\n\t\t\t<p><strong><a href=\"https:\/\/study2go.nl\/\" target=\"_blank\" rel=\"noopener noreferrer\">Study2Go<\/a> ist eine Schulungsplattform f\u00fcr Diversit\u00e4t und Inklusion. Die Plattform setzt sich f\u00fcr die kontinuierliche Weiterentwicklung der Mitarbeitenden in einer sich st\u00e4ndig ver\u00e4ndernden Gesellschaft und Arbeitsumgebung ein. In Zusammenarbeit mit Learning Connected bietet sie Schulungen durch eine innovative Methode an, die das Beste aus E-Learning und Pr\u00e4senzunterricht kombiniert: unsere Live-Online-Learning-Methode (LOL).<\/strong><\/p>\n<h4>Lernen im LOL-Klassenzimmer und dar\u00fcber hinaus<\/h4>\n<p>Die LOL-Trainer von Study2Go werden von Learning Connected ausgebildet. Der Inhalt der Sitzungen ist ebenfalls von unserer Live Online Learning (LOL) Methodik gepr\u00e4gt. Die Trainer halten Live-Online-Kurse, Schulungen oder Peer-Supervisionen f\u00fcr Fachleute in verschiedenen Bereichen ab. In kleinen Gruppen von bis zu 12 Teilnehmern arbeiten sie interaktiv miteinander an Aufgaben, besprechen eigene eingereichte Fallgeschichten, geben sich gegenseitig Feedback und erhalten Expertenwissen. Aber das Lernen geht auch au\u00dferhalb des LOL-Klassenzimmers weiter. Auf der Plattform bereiten sie sich mit Hilfe von Selbstlernmaterialien auf den Unterricht vor, indem sie Aufgaben zur Bewertung hochladen und Tests ablegen. Nach dem Kurs bleiben die teilnehmenden Fachleute untereinander und mit den Experten von Study2Go \u00fcber die Community in Kontakt.<\/p>\n<h4>Vorteile des Live-Online-Lernens<\/h4>\n<p>Live-Online-Lernen hat viele Vorteile. Denken Sie zum Beispiel an Allgemeinmediziner, die akkreditierte Kurse ganz bequem von ihrer Praxis aus besuchen k\u00f6nnen. Oder an Lehrkr\u00e4fte die einen Live-Online-Kurs \u00fcber Geschlechtsdysphorie im Klassenzimmer absolvieren k\u00f6nnen. Oder einen Kurs \u00fcber kultursensibles Arbeiten f\u00fcr Fachleute in Nachbarschaftsteams und Gemeinden. Und auch Online-Coaching-Kurse oder Intervisionssitzungen f\u00fcr das eigene Personal, um mit Klienten richtig umzugehen. Da die Teilnehmer und Experten f\u00fcr die Live-Online-Kurse nicht reisen m\u00fcssen, spart dies auch 337 kg CO2-Emissionen pro Person und Jahr.<\/p>\n<h4>Entwicklung durch Kontakt mit Experten und Gleichaltrigen<\/h4>\n<p>Study2Go arbeitet daran, ein Umfeld zu schaffen, in dem Fachleute mit dem richtigen Wissen ausgestattet werden und sich durch den Kontakt mit Experten und Gleichgesinnten kontinuierlich weiterentwickeln k\u00f6nnen. Learning Connected hat bereits 75 LOL-Trainer f\u00fcr Study2Go ausgebildet. Dies alles geschieht im Rahmen der Schaffung einer diverserern und inklusiverern Gesellschaft.<\/p>\n<p><em>M\u00f6chten Sie mehr \u00fcber dieses Projekt oder die von uns angebotenen Live-Online-Schulungen erfahren? <span style=\"text-decoration: underline;\"><a href=\"https:\/\/learningconnected.com\/de\/#contact\">Nehmen Sie Kontakt mit uns auf!<\/a> <\/span>Wir machen uns gerne gemeinsam mit Ihnen Gedanken und besprechen die verschiedenen M\u00f6glichkeiten.<\/em><\/p>\n\n\t\t<\/div>\n\t<\/div>\n<\/div><\/div><\/div><\/div><div class=\"wpb_column vc_column_container vc_col-sm-4 liquid-column-69f3e05d38ce6 vc_col-has-fill\"><div class=\"vc_column-inner\"><div class=\"wpb_wrapper vc_custom_1574692560040\"   ><div class=\"wpb_wrapper-inner\"><style>.ld_fancy_heading_69f3e05d38e98 .lqd-highlight-inner{height:0.275em;bottom:0px;}<\/style><div class=\"ld-fancy-heading ld_fancy_heading_69f3e05d38e98\">\r\n\t<h4 class=\"lqd-highlight-underline lqd-highlight-grow-left\" ><span class=\"ld-fh-txt\"> Interessiert? Schicken Sie uns gleich eine Nachricht!<\/span><\/h4><\/div><style>.ld_spacer_69f3e05d3a427{height:28px;}<\/style>\r\n<div class=\"ld-empty-space ld_spacer_69f3e05d3a427\"><span class=\"liquid_empty_space_inner\"><\/span><\/div>\n\t<div class=\"wpb_text_column wpb_content_element\" >\n\t\t<div class=\"wpb_wrapper\">\n\t\t\t<p>Oder nehmen Sie auf andere Weise Kontakt mit uns auf: <span style=\"color: blue;\"><a class=\"bar-fill-hover\" href=\"https:\/\/learningconnected.com\/de\/#contact\" target=\"\" rel=\"noopener noreferrer\">Klicken Sie hier<\/a><\/span><\/p>\n\n\t\t<\/div>\n\t<\/div>\n<\/div><\/div><\/div><\/div><\/div><\/div><\/section><section class=\"vc_row wpb_row vc_row-fluid liquid-row-shadowbox-69f3e05d3a6bd\"><div class=\"ld-container container\"><div class=\"row ld-row\"><div class=\"wpb_column vc_column_container vc_col-sm-12 liquid-column-69f3e05d3a856\"><div class=\"vc_column-inner\"><div class=\"wpb_wrapper\"   ><div class=\"wpb_wrapper-inner\"><style>.ld_spacer_69f3e05d3a8cf{height:32px;}<\/style>\r\n<div class=\"ld-empty-space ld_spacer_69f3e05d3a8cf\"><span class=\"liquid_empty_space_inner\"><\/span><\/div><\/div><\/div><\/div><\/div><\/div><\/div><\/section>","protected":false},"excerpt":{"rendered":"Study2Go Study2Go ist eine Schulungsplattform f\u00fcr Vielfalt und Integration. Die Plattform engagiert sich f\u00fcr...","protected":false},"author":1,"featured_media":0,"parent":0,"menu_order":0,"comment_status":"closed","ping_status":"closed","template":"","meta":{"footnotes":""},"class_list":["post-512","page","type-page","status-publish","hentry"],"yoast_head":"<!-- This site is optimized with the Yoast SEO plugin v27.5 - https:\/\/yoast.com\/product\/yoast-seo-wordpress\/ -->\n<title>Study2Go Opleidingsplatform - Learning Connected<\/title>\n<meta name=\"description\" content=\"Study2Go is een online opleidingsplatform voor de geestelijke gezondheidszorg en bieden live online trainingen aan via onze live online leren (LOL) methode.\" \/>\n<meta name=\"robots\" content=\"index, follow, max-snippet:-1, max-image-preview:large, max-video-preview:-1\" \/>\n<link rel=\"canonical\" href=\"https:\/\/learningconnected.com\/de\/project-study2go\/\" \/>\n<meta property=\"og:locale\" content=\"de_DE\" \/>\n<meta property=\"og:type\" content=\"article\" \/>\n<meta property=\"og:title\" content=\"Study2Go Opleidingsplatform - Learning Connected\" \/>\n<meta property=\"og:description\" content=\"Study2Go is een online opleidingsplatform voor de geestelijke gezondheidszorg en bieden live online trainingen aan via onze live online leren (LOL) methode.\" \/>\n<meta property=\"og:url\" content=\"https:\/\/learningconnected.com\/de\/project-study2go\/\" \/>\n<meta property=\"og:site_name\" content=\"Learning Connected\" \/>\n<meta property=\"article:modified_time\" content=\"2023-10-18T10:19:04+00:00\" \/>\n<meta name=\"twitter:card\" content=\"summary_large_image\" \/>\n<meta name=\"twitter:label1\" content=\"Gesch\u00e4tzte Lesezeit\" \/>\n\t<meta name=\"twitter:data1\" content=\"3\u00a0Minuten\" \/>\n<script type=\"application\/ld+json\" class=\"yoast-schema-graph\">{\"@context\":\"https:\\\/\\\/schema.org\",\"@graph\":[{\"@type\":\"WebPage\",\"@id\":\"https:\\\/\\\/learningconnected.com\\\/project-study2go\\\/\",\"url\":\"https:\\\/\\\/learningconnected.com\\\/project-study2go\\\/\",\"name\":\"Study2Go Opleidingsplatform - Learning Connected\",\"isPartOf\":{\"@id\":\"https:\\\/\\\/learningconnected.com\\\/#website\"},\"datePublished\":\"2021-04-06T10:17:39+00:00\",\"dateModified\":\"2023-10-18T10:19:04+00:00\",\"description\":\"Study2Go is een online opleidingsplatform voor de geestelijke gezondheidszorg en bieden live online trainingen aan via onze live online leren (LOL) methode.\",\"breadcrumb\":{\"@id\":\"https:\\\/\\\/learningconnected.com\\\/project-study2go\\\/#breadcrumb\"},\"inLanguage\":\"de\",\"potentialAction\":[{\"@type\":\"ReadAction\",\"target\":[\"https:\\\/\\\/learningconnected.com\\\/project-study2go\\\/\"]}]},{\"@type\":\"BreadcrumbList\",\"@id\":\"https:\\\/\\\/learningconnected.com\\\/project-study2go\\\/#breadcrumb\",\"itemListElement\":[{\"@type\":\"ListItem\",\"position\":1,\"name\":\"Home\",\"item\":\"https:\\\/\\\/learningconnected.com\\\/\"},{\"@type\":\"ListItem\",\"position\":2,\"name\":\"Study2Go\"}]},{\"@type\":\"WebSite\",\"@id\":\"https:\\\/\\\/learningconnected.com\\\/#website\",\"url\":\"https:\\\/\\\/learningconnected.com\\\/\",\"name\":\"Learning Connected\",\"description\":\"Wij helpen jou om effectief live online te communiceren\",\"potentialAction\":[{\"@type\":\"SearchAction\",\"target\":{\"@type\":\"EntryPoint\",\"urlTemplate\":\"https:\\\/\\\/learningconnected.com\\\/?s={search_term_string}\"},\"query-input\":{\"@type\":\"PropertyValueSpecification\",\"valueRequired\":true,\"valueName\":\"search_term_string\"}}],\"inLanguage\":\"de\"}]}<\/script>\n<!-- \/ Yoast SEO plugin. -->","yoast_head_json":{"title":"Study2Go Schulungsplattform - Learning Connected","description":"Study2Go ist eine Online-Trainingsplattform f\u00fcr die psychische Gesundheitsbranche und bietet Live-Online-Training durch unsere Live-Online-Lernmethode (LOL) an.","robots":{"index":"index","follow":"follow","max-snippet":"max-snippet:-1","max-image-preview":"max-image-preview:large","max-video-preview":"max-video-preview:-1"},"canonical":"https:\/\/learningconnected.com\/de\/project-study2go\/","og_locale":"de_DE","og_type":"article","og_title":"Study2Go Opleidingsplatform - Learning Connected","og_description":"Study2Go is een online opleidingsplatform voor de geestelijke gezondheidszorg en bieden live online trainingen aan via onze live online leren (LOL) methode.","og_url":"https:\/\/learningconnected.com\/de\/project-study2go\/","og_site_name":"Learning Connected","article_modified_time":"2023-10-18T10:19:04+00:00","twitter_card":"summary_large_image","twitter_misc":{"Gesch\u00e4tzte Lesezeit":"3\u00a0Minuten"},"schema":{"@context":"https:\/\/schema.org","@graph":[{"@type":"WebPage","@id":"https:\/\/learningconnected.com\/project-study2go\/","url":"https:\/\/learningconnected.com\/project-study2go\/","name":"Study2Go Schulungsplattform - Learning Connected","isPartOf":{"@id":"https:\/\/learningconnected.com\/#website"},"datePublished":"2021-04-06T10:17:39+00:00","dateModified":"2023-10-18T10:19:04+00:00","description":"Study2Go ist eine Online-Trainingsplattform f\u00fcr die psychische Gesundheitsbranche und bietet Live-Online-Training durch unsere Live-Online-Lernmethode (LOL) an.","breadcrumb":{"@id":"https:\/\/learningconnected.com\/project-study2go\/#breadcrumb"},"inLanguage":"de","potentialAction":[{"@type":"ReadAction","target":["https:\/\/learningconnected.com\/project-study2go\/"]}]},{"@type":"BreadcrumbList","@id":"https:\/\/learningconnected.com\/project-study2go\/#breadcrumb","itemListElement":[{"@type":"ListItem","position":1,"name":"Home","item":"https:\/\/learningconnected.com\/"},{"@type":"ListItem","position":2,"name":"Study2Go"}]},{"@type":"WebSite","@id":"https:\/\/learningconnected.com\/#website","url":"https:\/\/learningconnected.com\/","name":"Learning Connected","description":"Wir helfen Ihnen bei der effektiven Live-Online-Kommunikation","potentialAction":[{"@type":"SearchAction","target":{"@type":"EntryPoint","urlTemplate":"https:\/\/learningconnected.com\/?s={search_term_string}"},"query-input":{"@type":"PropertyValueSpecification","valueRequired":true,"valueName":"search_term_string"}}],"inLanguage":"de"}]}},"_links":{"self":[{"href":"https:\/\/learningconnected.com\/de\/wp-json\/wp\/v2\/pages\/512","targetHints":{"allow":["GET"]}}],"collection":[{"href":"https:\/\/learningconnected.com\/de\/wp-json\/wp\/v2\/pages"}],"about":[{"href":"https:\/\/learningconnected.com\/de\/wp-json\/wp\/v2\/types\/page"}],"author":[{"embeddable":true,"href":"https:\/\/learningconnected.com\/de\/wp-json\/wp\/v2\/users\/1"}],"replies":[{"embeddable":true,"href":"https:\/\/learningconnected.com\/de\/wp-json\/wp\/v2\/comments?post=512"}],"version-history":[{"count":2,"href":"https:\/\/learningconnected.com\/de\/wp-json\/wp\/v2\/pages\/512\/revisions"}],"predecessor-version":[{"id":3317,"href":"https:\/\/learningconnected.com\/de\/wp-json\/wp\/v2\/pages\/512\/revisions\/3317"}],"wp:attachment":[{"href":"https:\/\/learningconnected.com\/de\/wp-json\/wp\/v2\/media?parent=512"}],"curies":[{"name":"wp","href":"https:\/\/api.w.org\/{rel}","templated":true}]}}