{"id":1157,"date":"2021-02-12T16:23:47","date_gmt":"2021-02-12T16:23:47","guid":{"rendered":"https:\/\/learningconnected.com\/?page_id=3"},"modified":"2021-08-26T10:02:01","modified_gmt":"2021-08-26T10:02:01","slug":"privacy-policy","status":"publish","type":"page","link":"https:\/\/learningconnected.com\/de\/privacy-policy\/","title":{"rendered":"Datenschutzrichtlinie Learning Connected B.V."},"content":{"rendered":"<p>\u00dcber unseren Online-Shop werden datenschutzsensible Daten, also personenbezogene Daten, verarbeitet. Learning Connected legt gro\u00dfen Wert auf den sorgf\u00e4ltigen Umgang mit personenbezogenen Daten. Personenbezogene Daten werden daher von uns sorgf\u00e4ltig verarbeitet und gesichert.<\/p>\n\n\n\n<p>Bei unserer Verarbeitung halten wir uns an die Anforderungen der Datenschutzgesetze. Dies schlie\u00dft ein:<\/p>\n\n\n\n<ul class=\"wp-block-list\"><li>wir&nbsp;<strong>klar angeben&nbsp;<\/strong>mit&nbsp;<strong>die<\/strong>&nbsp;<strong>Zwecke&nbsp;<\/strong>wir verarbeiten personenbezogene Daten. Wir tun dies durch diese Datenschutzerkl\u00e4rung;<\/li><li>wir unsere&nbsp;<strong>Einschr\u00e4nkung der Erhebung personenbezogener Daten&nbsp;<\/strong>nur auf die personenbezogenen Daten, die f\u00fcr rechtm\u00e4\u00dfige Zwecke ben\u00f6tigt werden;<\/li><li>wir zuerst&nbsp;<strong>um eine ausdr\u00fcckliche Zustimmung bitten&nbsp;<\/strong>Ihre personenbezogenen Daten zu verarbeiten, wenn Ihre Zustimmung erforderlich ist;<\/li><li>wir&nbsp;<strong>geeignete Sicherheitsma\u00dfnahmen ergreifen&nbsp;<\/strong>Ihre personenbezogenen Daten zu sch\u00fctzen und dies auch von den Parteien zu verlangen, die in unserem Auftrag personenbezogene Daten verarbeiten;<\/li><li>wir respektieren Ihr Recht, Ihre&nbsp;<strong>personenbezogene Daten auf Ihren Wunsch hin zur Einsicht, Berichtigung oder L\u00f6schung anbieten.<\/strong><\/li><\/ul>\n\n\n\n<p>Learning Connected ist der f\u00fcr die Datenverarbeitung Verantwortliche. In dieser Datenschutzerkl\u00e4rung erl\u00e4utern wir, welche personenbezogenen Daten wir sammeln und verwenden und zu welchem Zweck. Wir empfehlen Ihnen, sie sorgf\u00e4ltig zu lesen.<\/p>\n\n\n\n<p><em>Diese Datenschutzerkl\u00e4rung wurde zuletzt aktualisiert am 02-04-2021<\/em><\/p>\n\n\n\n<p><strong>Verwendung von personenbezogenen Daten<\/strong><\/p>\n\n\n\n<p>Bei der Nutzung unseres Online-Shops erhalten wir bestimmte Daten von Ihnen. Dazu k\u00f6nnen personenbezogene Daten geh\u00f6ren. Wir speichern und verwenden nur solche personenbezogenen Daten, die Sie uns im Rahmen der von Ihnen angeforderten Dienstleistung direkt zur Verf\u00fcgung stellen oder bei deren Bereitstellung klar ist, dass sie uns zur Bearbeitung zur Verf\u00fcgung gestellt werden.<\/p>\n\n\n\n<p>Wir verwenden die folgenden Daten zu den in dieser Datenschutzerkl\u00e4rung genannten Zwecken:<\/p>\n\n\n\n<ul class=\"wp-block-list\"><li>Angaben zu Name und Anschrift<\/li><li>Rufnummer<\/li><li>Rechnungsadresse<\/li><li>E-Mail Adresse<\/li><li>Einzelheiten zur Zahlung<\/li><li>Geschlecht<\/li><li>IP-Adresse<\/li><\/ul>\n\n\n\n<p><strong>Register<\/strong><\/p>\n\n\n\n<p>F\u00fcr bestimmte Bereiche unseres Webshops m\u00fcssen Sie sich zun\u00e4chst registrieren. Nach der Registrierung speichern wir die pers\u00f6nlichen Daten, die Sie \u00fcber den von Ihnen gew\u00e4hlten Benutzernamen angeben. Wir speichern diese Daten, damit Sie sie nicht jedes Mal neu ausf\u00fcllen m\u00fcssen und damit wir Sie im Zusammenhang mit der Vertragsabwicklung kontaktieren k\u00f6nnen.<\/p>\n\n\n\n<p>Wir geben die mit Ihrem Benutzernamen verkn\u00fcpften Daten nicht an Dritte weiter, es sei denn, dies ist im Rahmen der Durchf\u00fchrung des von Ihnen mit uns geschlossenen Vertrags erforderlich oder gesetzlich vorgeschrieben. Im Falle eines Verdachts auf Betrug oder Missbrauch unseres Webshops k\u00f6nnen wir personenbezogene Daten an die zust\u00e4ndigen Beh\u00f6rden weitergeben.<\/p>\n\n\n\n<p><strong>Zugang zum Portal<\/strong><\/p>\n\n\n\n<p>Unser Portal erm\u00f6glicht Ihnen den Zugang zu einer Verwaltungsumgebung, in der Sie selbst Dinge einrichten, festlegen und \u00e4ndern k\u00f6nnen.<\/p>\n\n\n\n<p><strong>Auftragsabwicklung<\/strong><\/p>\n\n\n\n<p>Wenn Sie eine Bestellung bei uns aufgeben, verwenden wir Ihre personenbezogenen Daten, um diese zu bearbeiten. Wenn es f\u00fcr die ordnungsgem\u00e4\u00dfe Abwicklung erforderlich ist, k\u00f6nnen wir Ihre personenbezogenen Daten auch an Dritte weitergeben. Mehr dazu k\u00f6nnen Sie in dieser Datenschutzerkl\u00e4rung lesen.<\/p>\n\n\n\n<p><strong>Werbung<\/strong><\/p>\n\n\n\n<p>Zus\u00e4tzlich zu den Informationen auf unserer Website k\u00f6nnen wir Sie auch \u00fcber unsere neuen Produkte und Dienstleistungen informieren:<\/p>\n\n\n\n<ul class=\"wp-block-list\"><li>per E-Mail<\/li><li>\u00fcber soziale Medien<\/li><\/ul>\n\n\n\n<p><strong>Kontaktformular und Newsletter<\/strong><\/p>\n\n\n\n<p>In unserem Online-Shop bieten wir Ihnen die M\u00f6glichkeit, Fragen \u00fcber ein Kontaktformular zu stellen, in dem Sie gebeten werden, verschiedene Daten zur Bearbeitung Ihrer Frage anzugeben. Sie entscheiden selbst, welche Daten Sie dabei angeben. Die Daten, die Sie uns \u00fcbermitteln, werden so lange gespeichert, wie es die Art des Formulars oder der Inhalt Ihrer E-Mail f\u00fcr eine vollst\u00e4ndige Beantwortung und Bearbeitung erforderlich macht.<\/p>\n\n\n\n<p>Wir bieten einen Newsletter an, mit dem wir Interessenten \u00fcber unsere Produkte und\/oder Dienstleistungen informieren m\u00f6chten. Jeder Newsletter enth\u00e4lt einen Link, \u00fcber den Sie ihn abbestellen k\u00f6nnen. Ihre E-Mail-Adresse wird automatisch in die Liste der Abonnenten aufgenommen.<\/p>\n\n\n\n<p><strong>ver\u00f6ffentlichen.<\/strong><\/p>\n\n\n\n<p>Wir ver\u00f6ffentlichen Ihre Kundendaten nicht.<\/p>\n\n\n\n<p><strong>Offenlegung gegen\u00fcber Dritten<\/strong><\/p>\n\n\n\n<p>Wir k\u00f6nnen Ihre Daten an unsere Partner weitergeben. Diese Partner sind an der Erf\u00fcllung des Vertrags beteiligt.<\/p>\n\n\n\n<p><strong>Cookies<\/strong><\/p>\n\n\n\n<p>In unserem Online Shop werden Cookies verwendet. Auch \u00fcber von uns beauftragte Dritte werden Cookies gesetzt.<\/p>\n\n\n\n<p>Wenn Sie unseren Webshop zum ersten Mal besuchen, wird ein Hinweis angezeigt, der erkl\u00e4rt, warum wir Cookies verwenden. Ihre weitere Nutzung unseres Online-Shops verstehen wir als Zustimmung zu dieser Verwendung von Cookies.<\/p>\n\n\n\n<p>Es steht Ihnen frei, Cookies \u00fcber Ihren Browser zu deaktivieren. Bitte beachten Sie jedoch, dass unsere Website dann m\u00f6glicherweise nicht mehr optimal funktioniert. Wir haben Vereinbarungen mit Drittanbietern von Cookies und Anwendungen getroffen. Wir haben jedoch keine vollst\u00e4ndige Kontrolle dar\u00fcber, was die Anbieter dieser Anwendungen selbst mit den Cookies machen, wenn sie diese lesen. Weitere Informationen \u00fcber diese Anwendungen und deren Umgang mit Cookies finden Sie in den Datenschutzerkl\u00e4rungen dieser Parteien (bitte beachten Sie, dass sich diese regelm\u00e4\u00dfig \u00e4ndern k\u00f6nnen).<\/p>\n\n\n\n<p><strong>Google Analytics<\/strong><\/p>\n\n\n\n<p>Wir verwenden Google Analytics, um zu verfolgen, wie Besucher unseren Online-Shop nutzen. Wir haben mit Google eine Vereinbarung \u00fcber den Umgang mit unseren Daten geschlossen. Au\u00dferdem haben wir Google nicht erlaubt, die erhaltenen Analytics-Informationen f\u00fcr andere Google-Dienste zu verwenden, und schlie\u00dflich haben wir die IP-Adressen anonymisiert.<\/p>\n\n\n\n<p><strong>Sicherheit<\/strong><\/p>\n\n\n\n<p>Wir ergreifen Sicherheitsma\u00dfnahmen, um den Missbrauch von und den unbefugten Zugriff auf personenbezogene Daten einzuschr\u00e4nken. Insbesondere ergreifen wir die folgenden Ma\u00dfnahmen:<\/p>\n\n\n\n<p>Der Zugang zu den pers\u00f6nlichen Daten ist durch einen Benutzernamen und ein Passwort gesch\u00fctzt. Nach Erhalt werden die Daten in einem separaten, gesch\u00fctzten System gespeichert<\/p>\n\n\n\n<p><strong>Aufbewahrungsfristen<\/strong><\/p>\n\n\n\n<p>Wir ergreifen Sicherheitsma\u00dfnahmen, um den Missbrauch von und den unbefugten Zugriff auf personenbezogene Daten einzuschr\u00e4nken. Insbesondere ergreifen wir die folgenden Ma\u00dfnahmen:<\/p>\n\n\n\n<ul class=\"wp-block-list\"><li>Der Zugang zu den pers\u00f6nlichen Daten ist durch Benutzernamen und Passwort gesch\u00fctzt.<\/li><li>Nach Erhalt werden die Daten in einem separaten, gesch\u00fctzten System gespeichert.<\/li><li>Wir verwenden sichere Verbindungen (Secure Sockets Layer oder SSL), die alle Informationen zwischen Ihnen und unserer Website sch\u00fctzen, wenn Sie pers\u00f6nliche Daten eingeben.<\/li><\/ul>\n\n\n\n<p><strong>Websites von Dritten<\/strong><\/p>\n\n\n\n<p>Diese Datenschutzerkl\u00e4rung gilt nicht f\u00fcr Websites Dritter, die \u00fcber Links mit unserem Online-Shop verbunden sind. Wir k\u00f6nnen nicht garantieren, dass diese Dritten Ihre pers\u00f6nlichen Daten auf zuverl\u00e4ssige oder sichere Weise behandeln. Wir empfehlen Ihnen, die Datenschutzerkl\u00e4rung dieser Websites zu lesen, bevor Sie sie nutzen.<\/p>\n\n\n\n<p><strong>\u00c4nderungen an dieser Datenschutzerkl\u00e4rung<\/strong><\/p>\n\n\n\n<p>Wir behalten uns das Recht vor, \u00c4nderungen an dieser Datenschutzerkl\u00e4rung vorzunehmen. Wir empfehlen Ihnen, diese Datenschutzerkl\u00e4rung regelm\u00e4\u00dfig zu lesen, damit Sie \u00fcber diese \u00c4nderungen informiert sind.<\/p>\n\n\n\n<p><strong>Zugang und \u00c4nderung Ihrer Daten<\/strong><\/p>\n\n\n\n<p>Wenn Sie Fragen zu unserer Datenschutzpolitik haben oder sich \u00fcber den Zugriff auf Ihre personenbezogenen Daten und deren \u00c4nderung (oder L\u00f6schung) erkundigen m\u00f6chten, k\u00f6nnen Sie sich jederzeit unter den unten angegebenen Kontaktdaten an uns wenden.<\/p>\n\n\n\n<p>Sie k\u00f6nnen auch einen Antrag auf Einsichtnahme, \u00c4nderung oder L\u00f6schung dieser Daten an uns richten. Sie k\u00f6nnen auch einen Antrag auf Datenexport f\u00fcr Daten stellen, die wir mit Ihrer Zustimmung verwenden, oder einen begr\u00fcndeten Hinweis geben, dass Sie m\u00f6chten, dass wir die Verarbeitung personenbezogener Daten einschr\u00e4nken.<\/p>\n\n\n\n<p>Um Missbrauch vorzubeugen, k\u00f6nnen wir Sie bitten, sich in diesem Fall angemessen zu identifizieren. Wenn es um den Zugriff auf personenbezogene Daten geht, die mit einem Cookie verbunden sind, sollten Sie eine Kopie des betreffenden Cookies senden. Dies k\u00f6nnen Sie in den Einstellungen Ihres Browsers nachlesen. Wenn die Daten nicht korrekt sind, k\u00f6nnen Sie uns bitten, sie zu \u00e4ndern oder zu l\u00f6schen.<\/p>\n\n\n\n<p><strong>Beh\u00f6rde f\u00fcr personenbezogene Daten<\/strong><\/p>\n\n\n\n<p>Selbstverst\u00e4ndlich helfen wir Ihnen gerne, wenn Sie Beschwerden \u00fcber die Verarbeitung Ihrer personenbezogenen Daten haben. Nach den Rechtsvorschriften zum Schutz der Privatsph\u00e4re haben Sie auch das Recht, bei der Datenschutzbeh\u00f6rde eine Beschwerde gegen die Verarbeitung personenbezogener Daten einzureichen. Zu diesem Zweck k\u00f6nnen Sie sich an die Datenschutzbeh\u00f6rde wenden.<\/p>\n\n\n\n<p><strong>Kontaktangaben<\/strong><\/p>\n\n\n\n<p>Learning Connected<br><br>Johan Huizingalaan 400<br>1066 JS Amsterdam<\/p>\n\n\n\n<p>contact@learningconnected.nl<br>+31 (0)20 244 15 6<\/p>","protected":false},"excerpt":{"rendered":"<p>Datenschutzrelevante Daten oder pers\u00f6nliche Daten werden \u00fcber unseren Online-Shop verarbeitet. Learning Connected betrachtet den sorgf\u00e4ltigen Umgang mit...<\/p>","protected":false},"author":1,"featured_media":0,"parent":0,"menu_order":0,"comment_status":"closed","ping_status":"open","template":"","meta":{"footnotes":""},"class_list":["post-1157","page","type-page","status-publish","hentry"],"yoast_head":"<!-- This site is optimized with the Yoast SEO plugin v27.5 - https:\/\/yoast.com\/product\/yoast-seo-wordpress\/ -->\n<title>Privacy beleid Learning Connected B.V. - Learning Connected<\/title>\n<meta name=\"robots\" content=\"noindex, nofollow\" \/>\n<meta property=\"og:locale\" content=\"de_DE\" \/>\n<meta property=\"og:type\" content=\"article\" \/>\n<meta property=\"og:title\" content=\"Privacy beleid Learning Connected B.V. - Learning Connected\" \/>\n<meta property=\"og:description\" content=\"Via onze webwinkel worden privacygevoelige gegevens oftewel persoonsgegevens verwerkt. Learning Connected acht een zorgvuldige omgang...\" \/>\n<meta property=\"og:url\" content=\"https:\/\/learningconnected.com\/de\/privacy-policy\/\" \/>\n<meta property=\"og:site_name\" content=\"Learning Connected\" \/>\n<meta property=\"article:modified_time\" content=\"2021-08-26T10:02:01+00:00\" \/>\n<meta name=\"twitter:card\" content=\"summary_large_image\" \/>\n<meta name=\"twitter:label1\" content=\"Gesch\u00e4tzte Lesezeit\" \/>\n\t<meta name=\"twitter:data1\" content=\"6\u00a0Minuten\" \/>\n<script type=\"application\/ld+json\" class=\"yoast-schema-graph\">{\"@context\":\"https:\\\/\\\/schema.org\",\"@graph\":[{\"@type\":\"WebPage\",\"@id\":\"https:\\\/\\\/learningconnected.com\\\/privacy-policy\\\/\",\"url\":\"https:\\\/\\\/learningconnected.com\\\/privacy-policy\\\/\",\"name\":\"Privacy beleid Learning Connected B.V. - Learning Connected\",\"isPartOf\":{\"@id\":\"https:\\\/\\\/learningconnected.com\\\/#website\"},\"datePublished\":\"2021-02-12T16:23:47+00:00\",\"dateModified\":\"2021-08-26T10:02:01+00:00\",\"breadcrumb\":{\"@id\":\"https:\\\/\\\/learningconnected.com\\\/privacy-policy\\\/#breadcrumb\"},\"inLanguage\":\"de\",\"potentialAction\":[{\"@type\":\"ReadAction\",\"target\":[\"https:\\\/\\\/learningconnected.com\\\/privacy-policy\\\/\"]}]},{\"@type\":\"BreadcrumbList\",\"@id\":\"https:\\\/\\\/learningconnected.com\\\/privacy-policy\\\/#breadcrumb\",\"itemListElement\":[{\"@type\":\"ListItem\",\"position\":1,\"name\":\"Home\",\"item\":\"https:\\\/\\\/learningconnected.com\\\/\"},{\"@type\":\"ListItem\",\"position\":2,\"name\":\"Privacy beleid Learning Connected B.V.\"}]},{\"@type\":\"WebSite\",\"@id\":\"https:\\\/\\\/learningconnected.com\\\/#website\",\"url\":\"https:\\\/\\\/learningconnected.com\\\/\",\"name\":\"Learning Connected\",\"description\":\"Wij helpen jou om effectief live online te communiceren\",\"potentialAction\":[{\"@type\":\"SearchAction\",\"target\":{\"@type\":\"EntryPoint\",\"urlTemplate\":\"https:\\\/\\\/learningconnected.com\\\/?s={search_term_string}\"},\"query-input\":{\"@type\":\"PropertyValueSpecification\",\"valueRequired\":true,\"valueName\":\"search_term_string\"}}],\"inLanguage\":\"de\"}]}<\/script>\n<!-- \/ Yoast SEO plugin. -->","yoast_head_json":{"title":"Datenschutzbestimmungen Learning Connected B.V. - Learning Connected","robots":{"index":"noindex","follow":"nofollow"},"og_locale":"de_DE","og_type":"article","og_title":"Privacy beleid Learning Connected B.V. - Learning Connected","og_description":"Via onze webwinkel worden privacygevoelige gegevens oftewel persoonsgegevens verwerkt. Learning Connected acht een zorgvuldige omgang...","og_url":"https:\/\/learningconnected.com\/de\/privacy-policy\/","og_site_name":"Learning Connected","article_modified_time":"2021-08-26T10:02:01+00:00","twitter_card":"summary_large_image","twitter_misc":{"Gesch\u00e4tzte Lesezeit":"6\u00a0Minuten"},"schema":{"@context":"https:\/\/schema.org","@graph":[{"@type":"WebPage","@id":"https:\/\/learningconnected.com\/privacy-policy\/","url":"https:\/\/learningconnected.com\/privacy-policy\/","name":"Datenschutzbestimmungen Learning Connected B.V. - Learning Connected","isPartOf":{"@id":"https:\/\/learningconnected.com\/#website"},"datePublished":"2021-02-12T16:23:47+00:00","dateModified":"2021-08-26T10:02:01+00:00","breadcrumb":{"@id":"https:\/\/learningconnected.com\/privacy-policy\/#breadcrumb"},"inLanguage":"de","potentialAction":[{"@type":"ReadAction","target":["https:\/\/learningconnected.com\/privacy-policy\/"]}]},{"@type":"BreadcrumbList","@id":"https:\/\/learningconnected.com\/privacy-policy\/#breadcrumb","itemListElement":[{"@type":"ListItem","position":1,"name":"Home","item":"https:\/\/learningconnected.com\/"},{"@type":"ListItem","position":2,"name":"Privacy beleid Learning Connected B.V."}]},{"@type":"WebSite","@id":"https:\/\/learningconnected.com\/#website","url":"https:\/\/learningconnected.com\/","name":"Learning Connected","description":"Wir helfen Ihnen bei der effektiven Live-Online-Kommunikation","potentialAction":[{"@type":"SearchAction","target":{"@type":"EntryPoint","urlTemplate":"https:\/\/learningconnected.com\/?s={search_term_string}"},"query-input":{"@type":"PropertyValueSpecification","valueRequired":true,"valueName":"search_term_string"}}],"inLanguage":"de"}]}},"_links":{"self":[{"href":"https:\/\/learningconnected.com\/de\/wp-json\/wp\/v2\/pages\/1157","targetHints":{"allow":["GET"]}}],"collection":[{"href":"https:\/\/learningconnected.com\/de\/wp-json\/wp\/v2\/pages"}],"about":[{"href":"https:\/\/learningconnected.com\/de\/wp-json\/wp\/v2\/types\/page"}],"author":[{"embeddable":true,"href":"https:\/\/learningconnected.com\/de\/wp-json\/wp\/v2\/users\/1"}],"replies":[{"embeddable":true,"href":"https:\/\/learningconnected.com\/de\/wp-json\/wp\/v2\/comments?post=1157"}],"version-history":[{"count":2,"href":"https:\/\/learningconnected.com\/de\/wp-json\/wp\/v2\/pages\/1157\/revisions"}],"predecessor-version":[{"id":1520,"href":"https:\/\/learningconnected.com\/de\/wp-json\/wp\/v2\/pages\/1157\/revisions\/1520"}],"wp:attachment":[{"href":"https:\/\/learningconnected.com\/de\/wp-json\/wp\/v2\/media?parent=1157"}],"curies":[{"name":"wp","href":"https:\/\/api.w.org\/{rel}","templated":true}]}}