{"id":1037,"date":"2021-06-08T15:01:39","date_gmt":"2021-06-08T15:01:39","guid":{"rendered":"https:\/\/learningconnected.com\/?page_id=1037"},"modified":"2023-08-31T20:15:37","modified_gmt":"2023-08-31T20:15:37","slug":"downloads","status":"publish","type":"page","link":"https:\/\/learningconnected.com\/de\/downloads\/","title":{"rendered":"Herunterladen"},"content":{"rendered":"<section class=\"vc_row wpb_row vc_row-fluid liquid-row-shadowbox-69f38b8544edf\"><div class=\"ld-container container\"><div class=\"row ld-row\"><div class=\"wpb_column vc_column_container vc_col-sm-12 liquid-column-69f38b8545147\"><div class=\"vc_column-inner\"><div class=\"wpb_wrapper\"   ><div class=\"wpb_wrapper-inner\"><style>.ld_spacer_69f38b85451f7{height:32px;}<\/style>\r\n<div class=\"ld-empty-space ld_spacer_69f38b85451f7\"><span class=\"liquid_empty_space_inner\"><\/span><\/div><style>.ld_fancy_heading_69f38b8545307 .lqd-highlight-inner{height:0.275em;bottom:0px;}<\/style><div class=\"ld-fancy-heading ld_fancy_heading_69f38b8545307\">\r\n\t<h1 class=\"lqd-highlight-underline lqd-highlight-grow-left\" ><span class=\"ld-fh-txt\"> Herunterladen<\/span><\/h1><\/div><style>.ld_fancy_heading_69f38b85468d0 .lqd-highlight-inner{height:0.275em;bottom:0px;}<\/style><div class=\"ld-fancy-heading ld_fancy_heading_69f38b85468d0\">\r\n\t<h3 class=\"lqd-highlight-underline lqd-highlight-grow-left\" ><span class=\"ld-fh-txt\"> <em>Laden Sie unsere kostenlosen Informationsbl\u00e4tter \u00fcber Live-Online-Kommunikation herunter<\/em><\/span><\/h3><\/div><style>.ld_spacer_69f38b8546fcf{height:32px;}<\/style>\r\n<div class=\"ld-empty-space ld_spacer_69f38b8546fcf\"><span class=\"liquid_empty_space_inner\"><\/span><\/div><\/div><\/div><\/div><\/div><\/div><\/div><\/section><section class=\"vc_row wpb_row vc_row-fluid liquid-row-shadowbox-69f38b85470ed\"><div class=\"ld-container container\"><div class=\"row ld-row\"><div class=\"wpb_column vc_column_container vc_col-sm-12 text-left liquid-column-69f38b8547267\"><div class=\"vc_column-inner\"><div class=\"wpb_wrapper\"   ><div class=\"wpb_wrapper-inner\"><style>.ld_spacer_69f38b8547304{height:32px;}<\/style>\r\n<div class=\"ld-empty-space ld_spacer_69f38b8547304\"><span class=\"liquid_empty_space_inner\"><\/span><\/div><style>.ld_blog_69f38b8547393 .liquid-blog-grid{margin-left:-15px;margin-right:-15px;}.ld_blog_69f38b8547393 .liquid-blog-grid > div{padding-left:15px;padding-right:15px;}.ld_blog_69f38b8547393 .liquid-blog-grid .liquid-lp{margin-bottom:30px;}.ld_blog_69f38b8547393 .filter-list{margin-bottom:px;}.ld_blog_69f38b8547393 .liquid-blog-item .liquid-lp-title,.ld_blog_69f38b8547393 .liquid-lp .liquid-lp-title{font-size:25px;font-weight:normal!important;margin-top:px;margin-bottom:px;}<\/style><div data-filter-id=\"1625740427277-49e308d7-94b3\" class=\"liquid-blog-posts ld_blog_69f38b8547393 1625740427278-901df596-68ed\" data-post-per-page=\"10\"><div class=\"liquid-blog-grid row\"><div class=\"col-md-4\"><article id=\"post-1341\" class=\"liquid-lp post-1341 post type-post status-publish format-standard has-post-thumbnail hentry category-whitepaper\"><figure class=\"liquid-lp-media\"  data-responsive-bg=\"true\" data-parallax=\"true\" data-parallax-options='{ \"parallaxBG\": true }'><a  href=\"https:\/\/learningconnected.com\/de\/blog\/whitepaper-hybride-werken\/\"><img loading=\"lazy\" decoding=\"async\" width=\"550\" height=\"350\" src=\"data:image\/svg+xml;charset=utf-8,&lt;svg xmlns%3D&#039;http%3A%2F%2Fwww.w3.org%2F2000%2Fsvg&#039; viewBox%3D&#039;0 0 550 350&#039;%2F&gt;\" class=\"attachment-liquid-classic-2-blog size-liquid-classic-2-blog ld-lazyload wp-post-image\" alt=\"\" data-src=\"https:\/\/learningconnected.com\/wp-content\/uploads\/2021\/07\/hybride-werken-whitepaper-1-550x350.png\" data-aspect=\"1.5714285714286\" srcset=\"\" \/><\/a><\/figure>\n<header class=\"liquid-lp-header\">\n\t<h2 class=\"entry-title liquid-lp-title h4\"><a  href=\"https:\/\/learningconnected.com\/de\/blog\/whitepaper-hybride-werken\/\" rel=\"bookmark\">Whitepaper Hybrides Arbeiten<\/a><\/h2>\t<time class=\"published updated liquid-lp-date text-uppercase ltr-sp-1\" datetime=\"2021-07-20T06:28:18+00:00\">20. Juli 2021<\/time><\/header>\n\n\t\t\t<div class=\"liquid-lp-excerpt entry-summary\">\r\n\t\t\t\t<p>Wie man hybrides Arbeiten zum Erfolg f\u00fchrt Die Arbeit von zu Hause aus hat seit dem Beginn der Korona-Krise einen Boom erlebt. W\u00e4hrend wir fr\u00fcher sporadisch einen Tag lang von zu Hause aus gearbeitet haben, war 2020 pl\u00f6tzlich fast jeder gezwungen, zu Hause zu sitzen. Zum Zeitpunkt der Erstellung dieses Berichts wurde die Heimarbeitsberatung von der Regierung teilweise zur\u00fcckgezogen. Es wurde mehr Raum geschaffen, um das Heimb\u00fcro hinter sich zu lassen und mehr Zeit zu Hause zu verbringen.<\/p>\n\t\t\t<\/div><!-- \/.latest-post-excerpt -->\r\n\t\t\n<footer class=\"liquid-lp-footer\">\n\t<a href=\"https:\/\/learningconnected.com\/de\/blog\/whitepaper-hybride-werken\/\" class=\"btn btn-underlined text-uppercase liquid-lp-read-more\">\n\t\t<span>\n\t\t\t<span class=\"btn-txt\">Kontinuierliches Lesen<\/span>\n\t\t<\/span>\n\t<\/a>\n<\/footer>\n\n<\/article><\/div><div class=\"col-md-4\"><article id=\"post-241\" class=\"liquid-lp post-241 post type-post status-publish format-standard has-post-thumbnail hentry category-whitepaper\"><figure class=\"liquid-lp-media\"  data-responsive-bg=\"true\" data-parallax=\"true\" data-parallax-options='{ \"parallaxBG\": true }'><a  href=\"https:\/\/learningconnected.com\/de\/blog\/whitepaper-synchroon-hybride-leren\/\"><img loading=\"lazy\" decoding=\"async\" width=\"550\" height=\"350\" src=\"data:image\/svg+xml;charset=utf-8,&lt;svg xmlns%3D&#039;http%3A%2F%2Fwww.w3.org%2F2000%2Fsvg&#039; viewBox%3D&#039;0 0 550 350&#039;%2F&gt;\" class=\"attachment-liquid-classic-2-blog size-liquid-classic-2-blog ld-lazyload wp-post-image\" alt=\"synchrones hybrides Lernen\" srcset=\"\" sizes=\"auto, (max-width: 550px) 100vw, 550px\" data-src=\"https:\/\/learningconnected.com\/wp-content\/uploads\/2021\/03\/live-online-leren-social-57-1024x536-1-1-1-550x350.jpg\" data-srcset=\"https:\/\/learningconnected.com\/wp-content\/uploads\/2021\/03\/live-online-leren-social-57-1024x536-1-1-1-550x350.jpg 550w, https:\/\/learningconnected.com\/wp-content\/uploads\/2021\/03\/live-online-leren-social-57-1024x536-1-1-1-18x10.jpg 18w\" data-aspect=\"1.5714285714286\" \/><\/a><\/figure>\n<header class=\"liquid-lp-header\">\n\t<h2 class=\"entry-title liquid-lp-title h4\"><a  href=\"https:\/\/learningconnected.com\/de\/blog\/whitepaper-synchroon-hybride-leren\/\" rel=\"bookmark\">Whitepaper Synchrones hybrides Lernen<\/a><\/h2>\t<time class=\"published updated liquid-lp-date text-uppercase ltr-sp-1\" datetime=\"2021-01-19T10:46:00+00:00\">19. Januar 2021<\/time><\/header>\n\n\t\t\t<div class=\"liquid-lp-excerpt entry-summary\">\r\n\t\t\t\tWas ist synchrones hybrides Lernen und wie nutzen Sie es am besten in Ihrem Unterricht? Die Schulen sind teilweise wieder f\u00fcr kleine Gruppen von Sch\u00fclern und Studenten in 1,5 m Entfernung ge\u00f6ffnet. Dies stellt viele Lehrkr\u00e4fte vor die schwierige Aufgabe, eine Gruppe von Sch\u00fclern zu unterrichten, von denen nur ein kleiner Teil im physischen Klassenzimmer anwesend ist und der Rest den Unterricht online besucht. Diese\t\t\t<\/div><!-- \/.latest-post-excerpt -->\r\n\t\t\n<footer class=\"liquid-lp-footer\">\n\t<a href=\"https:\/\/learningconnected.com\/de\/blog\/whitepaper-synchroon-hybride-leren\/\" class=\"btn btn-underlined text-uppercase liquid-lp-read-more\">\n\t\t<span>\n\t\t\t<span class=\"btn-txt\">Kontinuierliches Lesen<\/span>\n\t\t<\/span>\n\t<\/a>\n<\/footer>\n\n<\/article><\/div><div class=\"col-md-4\"><article id=\"post-461\" class=\"liquid-lp post-461 post type-post status-publish format-standard has-post-thumbnail hentry category-whitepaper\"><figure class=\"liquid-lp-media\"  data-responsive-bg=\"true\" data-parallax=\"true\" data-parallax-options='{ \"parallaxBG\": true }'><a  href=\"https:\/\/learningconnected.com\/de\/blog\/whitepaper-breinleren\/\"><img loading=\"lazy\" decoding=\"async\" width=\"550\" height=\"350\" src=\"data:image\/svg+xml;charset=utf-8,&lt;svg xmlns%3D&#039;http%3A%2F%2Fwww.w3.org%2F2000%2Fsvg&#039; viewBox%3D&#039;0 0 550 350&#039;%2F&gt;\" class=\"attachment-liquid-classic-2-blog size-liquid-classic-2-blog ld-lazyload wp-post-image\" alt=\"Lernen im Kopf\" data-src=\"https:\/\/learningconnected.com\/wp-content\/uploads\/2021\/04\/live-online-leren-social-22-1-1-550x350.png\" data-aspect=\"1.5714285714286\" srcset=\"\" \/><\/a><\/figure>\n<header class=\"liquid-lp-header\">\n\t<h2 class=\"entry-title liquid-lp-title h4\"><a  href=\"https:\/\/learningconnected.com\/de\/blog\/whitepaper-breinleren\/\" rel=\"bookmark\">Whitepaper Lernen mit dem Gehirn<\/a><\/h2>\t<time class=\"published updated liquid-lp-date text-uppercase ltr-sp-1\" datetime=\"2021-01-12T20:47:31+00:00\">12. Januar 2021<\/time><\/header>\n\n\t\t\t<div class=\"liquid-lp-excerpt entry-summary\">\r\n\t\t\t\tLernen mit dem Gehirn: Wie funktioniert unser Gehirn und was bedeutet das f\u00fcr die Gestaltung unserer Online-Lernlandschaft? Wie k\u00f6nnen Sie die Prinzipien des Gehirnlernens nutzen, um Ihren Unterricht oder Ihr Training unterhaltsamer und effektiver zu gestalten? Das hat sich Hester Hooijen, LOL-Beraterin bei Learning Connected, gefragt. Sie hat sich mit diesem Thema besch\u00e4ftigt und ein Whitepaper dar\u00fcber geschrieben. In diesem Whitepaper erkl\u00e4ren wir die\t\t\t<\/div><!-- \/.latest-post-excerpt -->\r\n\t\t\n<footer class=\"liquid-lp-footer\">\n\t<a href=\"https:\/\/learningconnected.com\/de\/blog\/whitepaper-breinleren\/\" class=\"btn btn-underlined text-uppercase liquid-lp-read-more\">\n\t\t<span>\n\t\t\t<span class=\"btn-txt\">Kontinuierliches Lesen<\/span>\n\t\t<\/span>\n\t<\/a>\n<\/footer>\n\n<\/article><\/div><\/div><!--\/ .row --><\/div><!--\/ .liquid-blog-posts --><style>.ld_spacer_69f38b85cd517{height:32px;}<\/style>\r\n<div class=\"ld-empty-space ld_spacer_69f38b85cd517\"><span class=\"liquid_empty_space_inner\"><\/span><\/div><\/div><\/div><\/div><\/div><\/div><\/div><\/section><section data-bg-image=\"url\" class=\"vc_row wpb_row vc_row-fluid vc_custom_1623163361012 liquid-row-shadowbox-69f38b85cd676 vc_row-has-fill vc_row-has-bg\"><div class=\"ld-container container\"><div class=\"row ld-row\"><div class=\"wpb_column vc_column_container vc_col-sm-12 liquid-column-69f38b85cd795\"><div class=\"vc_column-inner\"><div class=\"wpb_wrapper\"   ><div class=\"wpb_wrapper-inner\"><style>.ld_spacer_69f38b85cd7f5{height:32px;}<\/style>\r\n<div class=\"ld-empty-space ld_spacer_69f38b85cd7f5\"><span class=\"liquid_empty_space_inner\"><\/span><\/div><style>.ld_icon_box_69f38b85cd961 .iconbox-icon-container{color:rgb(244, 150, 30);border-radius:px;}.ld_icon_box_69f38b85cd961 h3{margin-bottom:px;}<\/style>\r\n<div class=\"iconbox iconbox-lg ld_icon_box_69f38b85cd961\" id=\"ld_icon_box_69f38b85cd961\"  data-plugin-options='{\"color\":\"rgb(244, 150, 30)\"}'  >\r\n\t\r\n\t\t<div class=\"iconbox-icon-wrap\"><span class=\"iconbox-icon-container\"><i class=\"icon-et-lightbulb\"><\/i><\/span><\/div><!-- \/.iconbox-icon-wrap -->\t\r\n\t\t\r\n\t<div class=\"contents\">\t\r\n\t<h3>Brauchen Sie noch mehr Inspiration?<\/h3>\t<p>Schauen Sie sich unsere neuesten Blogs an und erfahren Sie mehr \u00fcber verschiedene Aspekte der Live-Online-Kommunikation, des Unterrichts, der Betreuung und der Begegnung.<\/p>\n\t<a href=\"https:\/\/learningconnected.com\/de\/blog\/\" title=\"Blog\" class=\"btn btn-solid text-uppercase btn-bordered border-thin ld_button_69f38b85cf86d\">\r\n\t<span>\r\n\t\t\r\n\t\t\t\t\t<span class=\"btn-txt\">Zu allen Blogs gehen<\/span>\r\n\t\t\t\r\n\t\t\t\t<\/span>\r\n<\/a>\r\n\t\r\n\t<\/div>\t\r\n\t<a href=\"https:\/\/learningconnected.com\/de\/nieuws\/\" class=\"liquid-overlay-link z-index-2\"><\/a>\r\n<\/div>\r\n<\/div><\/div><\/div><\/div><\/div><\/div><\/section><section class=\"vc_row wpb_row vc_row-fluid liquid-row-shadowbox-69f38b85d0ec3\"><div class=\"ld-container container\"><div class=\"row ld-row\"><div class=\"wpb_column vc_column_container vc_col-sm-12 text-center liquid-column-69f38b85d1089\"><div class=\"vc_column-inner\"><div class=\"wpb_wrapper\"   ><div class=\"wpb_wrapper-inner\"><style>.ld_spacer_69f38b85d1115{height:52px;}<\/style>\r\n<div class=\"ld-empty-space ld_spacer_69f38b85d1115\"><span class=\"liquid_empty_space_inner\"><\/span><\/div><style>.ld_fancy_heading_69f38b85d1251 .lqd-highlight-inner{height:0.275em;bottom:0px;}<\/style><div class=\"ld-fancy-heading ld_fancy_heading_69f38b85d1251\">\r\n\t<h2 class=\"lqd-highlight-underline lqd-highlight-grow-left\" ><span class=\"ld-fh-txt\"> K\u00f6nnen wir Ihnen bei irgendetwas helfen?<\/span><\/h2><\/div><style>.ld_spacer_69f38b85d23e2{height:32px;}<\/style>\r\n<div class=\"ld-empty-space ld_spacer_69f38b85d23e2\"><span class=\"liquid_empty_space_inner\"><\/span><\/div><\/div><\/div><\/div><\/div><\/div><\/div><\/section><section class=\"vc_row wpb_row vc_row-fluid liquid-row-shadowbox-69f38b85d2556 vc_column-gap-35\"><div class=\"ld-container container\"><div class=\"row ld-row\"><div class=\"wpb_column vc_column_container vc_col-sm-6 text-center liquid-column-69f38b85d280b\"><div class=\"vc_column-inner\"><div class=\"wpb_wrapper\"   ><div class=\"wpb_wrapper-inner\"><style>.ld_content_box_69f38b85d29ff .fancy-box-header h3{color:rgb(244, 150, 30);}<\/style><div id=\"ld_content_box_69f38b85d29ff\" class=\"fancy-box fancy-box-classic ld_content_box_69f38b85d29ff\">\r\n\t\r\n\t<div class=\"cb-img-container mb-4\">\r\n\r\n\t\t\t\t\t\t\r\n\t\t\r\n\t<\/div><!-- \/.cb-img-container -->\r\n\r\n\t<div class=\"fancy-box-contents\">\r\n\t\t\r\n\t\t<div class=\"fancy-box-header\">\r\n\t\t\t<h3>Siehe unser Kursangebot<\/h3>\t\t\t<p>Entdecken Sie unser breit gef\u00e4chertes Angebot an Schulungen und Workshops, in denen wir Ihnen die F\u00e4higkeiten und Fertigkeiten f\u00fcr eine effektive Live-Online-Kommunikation vermitteln.<\/p>\n\t\t<\/div><!-- \/.fancy-box-header -->\r\n\t\t\r\n\t\t\t\t\r\n\t<\/div><!-- \/.fancy-box-contents -->\r\n\t\r\n\t<a href=\"https:\/\/learningconnected.com\/de\/cursusaanbod\/\" class=\"liquid-overlay-link\"><\/a>\t\r\n<\/div><!-- \/.fancy-box fancy-box-classes --><\/div><\/div><\/div><\/div><div class=\"wpb_column vc_column_container vc_col-sm-6 text-center liquid-column-69f38b85d4237\"><div class=\"vc_column-inner\"><div class=\"wpb_wrapper\"   ><div class=\"wpb_wrapper-inner\"><style>.ld_content_box_69f38b85d437c .fancy-box-header h3{color:rgb(244, 150, 30);}<\/style><div id=\"ld_content_box_69f38b85d437c\" class=\"fancy-box fancy-box-classic ld_content_box_69f38b85d437c\">\r\n\t\r\n\t<div class=\"cb-img-container mb-4\">\r\n\r\n\t\t\t\t\t\t\r\n\t\t\r\n\t<\/div><!-- \/.cb-img-container -->\r\n\r\n\t<div class=\"fancy-box-contents\">\r\n\t\t\r\n\t\t<div class=\"fancy-box-header\">\r\n\t\t\t<h3>Stellen Sie Ihre Frage<\/h3>\t\t\t<p>Kontaktieren Sie uns \u00fcber den Chat unten rechts auf dem Bildschirm, oder sehen Sie sich die anderen M\u00f6glichkeiten an, uns zu kontaktieren. Wir freuen uns, Ihre Fragen zu beantworten!<\/p>\n\t\t<\/div><!-- \/.fancy-box-header -->\r\n\t\t\r\n\t\t\t\t\r\n\t<\/div><!-- \/.fancy-box-contents -->\r\n\t\r\n\t<a href=\"https:\/\/learningconnected.com\/de\/contact\/\" class=\"liquid-overlay-link\"><\/a>\t\r\n<\/div><!-- \/.fancy-box fancy-box-classes --><\/div><\/div><\/div><\/div><\/div><\/div><\/section><section class=\"vc_row wpb_row vc_row-fluid liquid-row-shadowbox-69f38b85d5aa3\"><div class=\"ld-container container\"><div class=\"row ld-row\"><div class=\"wpb_column vc_column_container vc_col-sm-12 liquid-column-69f38b85d5c48\"><div class=\"vc_column-inner\"><div class=\"wpb_wrapper\"   ><div class=\"wpb_wrapper-inner\"><style>.ld_spacer_69f38b85d5cd0{height:80px;}<\/style>\r\n<div class=\"ld-empty-space ld_spacer_69f38b85d5cd0\"><span class=\"liquid_empty_space_inner\"><\/span><\/div><\/div><\/div><\/div><\/div><\/div><\/div><\/section>","protected":false},"excerpt":{"rendered":"Lernen mit dem Gehirn: Wie funktioniert unser Gehirn und was bedeutet das f\u00fcr die Gestaltung unserer Online-Lernlandschaft? Wie k\u00f6nnen Sie die Prinzipien des Gehirnlernens nutzen, um Ihren Unterricht oder Ihr Training unterhaltsamer und effektiver zu gestalten? Das hat sich Hester Hooijen, LOL-Beraterin bei Learning Connected, gefragt. Sie hat sich mit diesem Thema besch\u00e4ftigt und ein Whitepaper dar\u00fcber geschrieben. In diesem Whitepaper erkl\u00e4ren wir die","protected":false},"author":1,"featured_media":0,"parent":0,"menu_order":0,"comment_status":"closed","ping_status":"closed","template":"","meta":{"footnotes":""},"class_list":["post-1037","page","type-page","status-publish","hentry"],"yoast_head":"<!-- This site is optimized with the Yoast SEO plugin v27.5 - https:\/\/yoast.com\/product\/yoast-seo-wordpress\/ -->\n<title>Download onze gratis whitepapers over Live Online Communiceren<\/title>\n<meta name=\"description\" content=\"Onze live online communicatie experts helpen je graag alvast op weg met deze interessante en praktische whitepapers. Download ze gratis!\" \/>\n<meta name=\"robots\" content=\"index, follow, max-snippet:-1, max-image-preview:large, max-video-preview:-1\" \/>\n<link rel=\"canonical\" href=\"https:\/\/learningconnected.com\/de\/downloads\/\" \/>\n<meta property=\"og:locale\" content=\"de_DE\" \/>\n<meta property=\"og:type\" content=\"article\" \/>\n<meta property=\"og:title\" content=\"Download onze gratis whitepapers over Live Online Communiceren\" \/>\n<meta property=\"og:description\" content=\"Onze live online communicatie experts helpen je graag alvast op weg met deze interessante en praktische whitepapers. Download ze gratis!\" \/>\n<meta property=\"og:url\" content=\"https:\/\/learningconnected.com\/de\/downloads\/\" \/>\n<meta property=\"og:site_name\" content=\"Learning Connected\" \/>\n<meta property=\"article:modified_time\" content=\"2023-08-31T20:15:37+00:00\" \/>\n<meta name=\"twitter:card\" content=\"summary_large_image\" \/>\n<meta name=\"twitter:label1\" content=\"Gesch\u00e4tzte Lesezeit\" \/>\n\t<meta name=\"twitter:data1\" content=\"1\u00a0Minute\" \/>\n<script type=\"application\/ld+json\" class=\"yoast-schema-graph\">{\"@context\":\"https:\\\/\\\/schema.org\",\"@graph\":[{\"@type\":\"WebPage\",\"@id\":\"https:\\\/\\\/learningconnected.com\\\/downloads\\\/\",\"url\":\"https:\\\/\\\/learningconnected.com\\\/downloads\\\/\",\"name\":\"Download onze gratis whitepapers over Live Online Communiceren\",\"isPartOf\":{\"@id\":\"https:\\\/\\\/learningconnected.com\\\/#website\"},\"datePublished\":\"2021-06-08T15:01:39+00:00\",\"dateModified\":\"2023-08-31T20:15:37+00:00\",\"description\":\"Onze live online communicatie experts helpen je graag alvast op weg met deze interessante en praktische whitepapers. Download ze gratis!\",\"breadcrumb\":{\"@id\":\"https:\\\/\\\/learningconnected.com\\\/downloads\\\/#breadcrumb\"},\"inLanguage\":\"de\",\"potentialAction\":[{\"@type\":\"ReadAction\",\"target\":[\"https:\\\/\\\/learningconnected.com\\\/downloads\\\/\"]}]},{\"@type\":\"BreadcrumbList\",\"@id\":\"https:\\\/\\\/learningconnected.com\\\/downloads\\\/#breadcrumb\",\"itemListElement\":[{\"@type\":\"ListItem\",\"position\":1,\"name\":\"Home\",\"item\":\"https:\\\/\\\/learningconnected.com\\\/\"},{\"@type\":\"ListItem\",\"position\":2,\"name\":\"Downloads\"}]},{\"@type\":\"WebSite\",\"@id\":\"https:\\\/\\\/learningconnected.com\\\/#website\",\"url\":\"https:\\\/\\\/learningconnected.com\\\/\",\"name\":\"Learning Connected\",\"description\":\"Wij helpen jou om effectief live online te communiceren\",\"potentialAction\":[{\"@type\":\"SearchAction\",\"target\":{\"@type\":\"EntryPoint\",\"urlTemplate\":\"https:\\\/\\\/learningconnected.com\\\/?s={search_term_string}\"},\"query-input\":{\"@type\":\"PropertyValueSpecification\",\"valueRequired\":true,\"valueName\":\"search_term_string\"}}],\"inLanguage\":\"de\"}]}<\/script>\n<!-- \/ Yoast SEO plugin. -->","yoast_head_json":{"title":"Laden Sie unsere kostenlosen Whitepapers \u00fcber Live-Online-Kommunikation herunter","description":"Unsere Experten f\u00fcr Live-Online-Kommunikation helfen Ihnen gerne mit diesen interessanten und praktischen Whitepapers. Laden Sie sie kostenlos herunter!","robots":{"index":"index","follow":"follow","max-snippet":"max-snippet:-1","max-image-preview":"max-image-preview:large","max-video-preview":"max-video-preview:-1"},"canonical":"https:\/\/learningconnected.com\/de\/downloads\/","og_locale":"de_DE","og_type":"article","og_title":"Download onze gratis whitepapers over Live Online Communiceren","og_description":"Onze live online communicatie experts helpen je graag alvast op weg met deze interessante en praktische whitepapers. Download ze gratis!","og_url":"https:\/\/learningconnected.com\/de\/downloads\/","og_site_name":"Learning Connected","article_modified_time":"2023-08-31T20:15:37+00:00","twitter_card":"summary_large_image","twitter_misc":{"Gesch\u00e4tzte Lesezeit":"1\u00a0Minute"},"schema":{"@context":"https:\/\/schema.org","@graph":[{"@type":"WebPage","@id":"https:\/\/learningconnected.com\/downloads\/","url":"https:\/\/learningconnected.com\/downloads\/","name":"Laden Sie unsere kostenlosen Whitepapers \u00fcber Live-Online-Kommunikation herunter","isPartOf":{"@id":"https:\/\/learningconnected.com\/#website"},"datePublished":"2021-06-08T15:01:39+00:00","dateModified":"2023-08-31T20:15:37+00:00","description":"Unsere Experten f\u00fcr Live-Online-Kommunikation helfen Ihnen gerne mit diesen interessanten und praktischen Whitepapers. Laden Sie sie kostenlos herunter!","breadcrumb":{"@id":"https:\/\/learningconnected.com\/downloads\/#breadcrumb"},"inLanguage":"de","potentialAction":[{"@type":"ReadAction","target":["https:\/\/learningconnected.com\/downloads\/"]}]},{"@type":"BreadcrumbList","@id":"https:\/\/learningconnected.com\/downloads\/#breadcrumb","itemListElement":[{"@type":"ListItem","position":1,"name":"Home","item":"https:\/\/learningconnected.com\/"},{"@type":"ListItem","position":2,"name":"Downloads"}]},{"@type":"WebSite","@id":"https:\/\/learningconnected.com\/#website","url":"https:\/\/learningconnected.com\/","name":"Learning Connected","description":"Wir helfen Ihnen bei der effektiven Live-Online-Kommunikation","potentialAction":[{"@type":"SearchAction","target":{"@type":"EntryPoint","urlTemplate":"https:\/\/learningconnected.com\/?s={search_term_string}"},"query-input":{"@type":"PropertyValueSpecification","valueRequired":true,"valueName":"search_term_string"}}],"inLanguage":"de"}]}},"_links":{"self":[{"href":"https:\/\/learningconnected.com\/de\/wp-json\/wp\/v2\/pages\/1037","targetHints":{"allow":["GET"]}}],"collection":[{"href":"https:\/\/learningconnected.com\/de\/wp-json\/wp\/v2\/pages"}],"about":[{"href":"https:\/\/learningconnected.com\/de\/wp-json\/wp\/v2\/types\/page"}],"author":[{"embeddable":true,"href":"https:\/\/learningconnected.com\/de\/wp-json\/wp\/v2\/users\/1"}],"replies":[{"embeddable":true,"href":"https:\/\/learningconnected.com\/de\/wp-json\/wp\/v2\/comments?post=1037"}],"version-history":[{"count":1,"href":"https:\/\/learningconnected.com\/de\/wp-json\/wp\/v2\/pages\/1037\/revisions"}],"predecessor-version":[{"id":2966,"href":"https:\/\/learningconnected.com\/de\/wp-json\/wp\/v2\/pages\/1037\/revisions\/2966"}],"wp:attachment":[{"href":"https:\/\/learningconnected.com\/de\/wp-json\/wp\/v2\/media?parent=1037"}],"curies":[{"name":"wp","href":"https:\/\/api.w.org\/{rel}","templated":true}]}}